{"id":495,"date":"2025-08-18T12:51:30","date_gmt":"2025-08-18T10:51:30","guid":{"rendered":"https:\/\/iuristecnicproperty.com\/inicio\/"},"modified":"2025-08-28T10:36:02","modified_gmt":"2025-08-28T08:36:02","slug":"inicio","status":"publish","type":"page","link":"https:\/\/iuristecnicproperty.com\/es\/","title":{"rendered":"Inicio"},"content":{"rendered":"\t\t<div data-elementor-type=\"wp-page\" data-elementor-id=\"495\" class=\"elementor elementor-495 elementor-14\" data-elementor-post-type=\"page\">\n\t\t\t\t<div class=\"elementor-element elementor-element-22632a42 e-con-full e-flex e-con e-parent\" data-id=\"22632a42\" data-element_type=\"container\" data-e-type=\"container\">\n\t\t<div class=\"elementor-element elementor-element-213b91d7 e-con-full e-flex e-con e-child\" data-id=\"213b91d7\" data-element_type=\"container\" data-e-type=\"container\">\n\t\t\t\t<div class=\"elementor-element elementor-element-5f68689a elementor--v-position-bottom elementor--h-position-center elementor-arrows-position-inside elementor-pagination-position-inside elementor-widget elementor-widget-slides\" data-id=\"5f68689a\" data-element_type=\"widget\" data-e-type=\"widget\" data-settings=\"{&quot;transition&quot;:&quot;fade&quot;,&quot;navigation&quot;:&quot;both&quot;,&quot;autoplay&quot;:&quot;yes&quot;,&quot;pause_on_hover&quot;:&quot;yes&quot;,&quot;pause_on_interaction&quot;:&quot;yes&quot;,&quot;autoplay_speed&quot;:5000,&quot;infinite&quot;:&quot;yes&quot;,&quot;transition_speed&quot;:500}\" data-widget_type=\"slides.default\">\n\t\t\t\t\t\t\t\t\t\t<div class=\"elementor-slides-wrapper elementor-main-swiper swiper\" role=\"region\" aria-roledescription=\"carousel\" aria-label=\"Diapositives\" dir=\"ltr\" data-animation=\"\">\n\t\t\t\t<div class=\"swiper-wrapper elementor-slides\">\n\t\t\t\t\t\t\t\t\t\t<div class=\"elementor-repeater-item-622495d swiper-slide\" role=\"group\" aria-roledescription=\"slide\"><div class=\"swiper-slide-bg\" role=\"img\" aria-label=\"seccion-media-de-agente-de-bienes-raices-y-cliente-en-la-mesa\"><\/div><div class=\"elementor-background-overlay\"><\/div><div class=\"swiper-slide-inner\" ><div class=\"swiper-slide-contents\"><h2 class=\"elementor-slide-heading\"><h1>IURIS TECNIC PROPERTY<\/h1>nos encargamos de gestionar tus inmuebles con compromiso, transparencia y confianza<\/h2><div class=\"elementor-slide-description\"><p>Conoce las ventajas de trabajar con nosotros<\/p>\n<\/div><div  class=\"elementor-button elementor-slide-button elementor-size-sm\">Contactar<\/div><\/div><\/div><\/div><div class=\"elementor-repeater-item-dec47c4 swiper-slide\" role=\"group\" aria-roledescription=\"slide\"><div class=\"swiper-slide-bg\" role=\"img\" aria-label=\"mantener-las-llaves-mano-al-aire-libre\"><\/div><div class=\"elementor-background-overlay\"><\/div><div class=\"swiper-slide-inner\" ><div class=\"swiper-slide-contents\"><h2 class=\"elementor-slide-heading\"><h1>IURIS TECNIC PROPERTY<\/h1>nos encargamos de gestionar tus inmuebles con compromiso, transparencia y confianza<\/h2><div class=\"elementor-slide-description\"><p>Conoce las ventajas de trabajar con nosotros<\/p>\n<\/div><div  class=\"elementor-button elementor-slide-button elementor-size-sm\">Contactar<\/div><\/div><\/div><\/div>\t\t\t\t<\/div>\n\t\t\t\t\t\t\t\t\t\t\t\t\t\t\t<div class=\"elementor-swiper-button elementor-swiper-button-prev\" role=\"button\" tabindex=\"0\" aria-label=\"Diapositiva anterior\">\n\t\t\t\t\t\t\t<svg aria-hidden=\"true\" class=\"e-font-icon-svg e-eicon-chevron-left\" viewBox=\"0 0 1000 1000\" xmlns=\"http:\/\/www.w3.org\/2000\/svg\"><path d=\"M646 125C629 125 613 133 604 142L308 442C296 454 292 471 292 487 292 504 296 521 308 533L604 854C617 867 629 875 646 875 663 875 679 871 692 858 704 846 713 829 713 812 713 796 708 779 692 767L438 487 692 225C700 217 708 204 708 187 708 171 704 154 692 142 675 129 663 125 646 125Z\"><\/path><\/svg>\t\t\t\t\t\t<\/div>\n\t\t\t\t\t\t<div class=\"elementor-swiper-button elementor-swiper-button-next\" role=\"button\" tabindex=\"0\" aria-label=\"Diapositiva siguiente\">\n\t\t\t\t\t\t\t<svg aria-hidden=\"true\" class=\"e-font-icon-svg e-eicon-chevron-right\" viewBox=\"0 0 1000 1000\" xmlns=\"http:\/\/www.w3.org\/2000\/svg\"><path d=\"M696 533C708 521 713 504 713 487 713 471 708 454 696 446L400 146C388 133 375 125 354 125 338 125 325 129 313 142 300 154 292 171 292 187 292 204 296 221 308 233L563 492 304 771C292 783 288 800 288 817 288 833 296 850 308 863 321 871 338 875 354 875 371 875 388 867 400 854L696 533Z\"><\/path><\/svg>\t\t\t\t\t\t<\/div>\n\t\t\t\t\t\t\t\t\t\t\t\t\t\t\t\t<div class=\"swiper-pagination\"><\/div>\n\t\t\t\t\t\t\t\t\t\t\t\t<\/div>\n\t\t\t\t\t\t\t\t<\/div>\n\t\t\t\t<\/div>\n\t\t\t\t<\/div>\n\t\t<div class=\"elementor-element elementor-element-ae3ef2b e-con-full e-flex e-con e-parent\" data-id=\"ae3ef2b\" data-element_type=\"container\" data-e-type=\"container\">\n\t\t<div class=\"elementor-element elementor-element-74359c94 e-con-full e-flex e-con e-child\" data-id=\"74359c94\" data-element_type=\"container\" data-e-type=\"container\">\n\t\t<div class=\"elementor-element elementor-element-4915d99d e-con-full e-flex e-con e-child\" data-id=\"4915d99d\" data-element_type=\"container\" data-e-type=\"container\">\n\t\t\t\t<div class=\"elementor-element elementor-element-4ff15eec elementor-invisible elementor-widget elementor-widget-heading\" data-id=\"4ff15eec\" data-element_type=\"widget\" data-e-type=\"widget\" data-settings=\"{&quot;_animation&quot;:&quot;fadeInDown&quot;,&quot;_animation_delay&quot;:600}\" data-widget_type=\"heading.default\">\n\t\t\t\t\t<h2 class=\"elementor-heading-title elementor-size-default\">Sobre nosotros<\/h2>\t\t\t\t<\/div>\n\t\t\t\t<div class=\"elementor-element elementor-element-51dd0246 elementor-widget elementor-widget-text-editor\" data-id=\"51dd0246\" data-element_type=\"widget\" data-e-type=\"widget\" data-widget_type=\"text-editor.default\">\n\t\t\t\t\t\t\t\t\t<p data-pm-slice=\"1 1 []\">En Iuris Tecnic Property nos apasiona el mundo inmobiliario y nos mueve el objetivo de facilitarte la vida. Somos una empresa especializada en la gesti\u00f3n, consultor\u00eda y comercializaci\u00f3n de inmuebles, con trato cercano y de confianza<\/p><p data-pm-slice=\"1 1 []\">Te ofrecemos soluciones personalizadas que se adapten a tus necesidades reales.<\/p>\t\t\t\t\t\t\t\t<\/div>\n\t\t\t\t<div class=\"elementor-element elementor-element-625282af elementor-align-left elementor-invisible elementor-widget elementor-widget-button\" data-id=\"625282af\" data-element_type=\"widget\" data-e-type=\"widget\" data-settings=\"{&quot;_animation&quot;:&quot;fadeIn&quot;,&quot;_animation_delay&quot;:500}\" data-widget_type=\"button.default\">\n\t\t\t\t\t\t\t\t\t\t<a class=\"elementor-button elementor-button-link elementor-size-sm\" href=\"https:\/\/nll.cat\/qui-som\">\n\t\t\t\t\t\t<span class=\"elementor-button-content-wrapper\">\n\t\t\t\t\t\t\t\t\t<span class=\"elementor-button-text\">Con\u00f3zcanos<\/span>\n\t\t\t\t\t<\/span>\n\t\t\t\t\t<\/a>\n\t\t\t\t\t\t\t\t<\/div>\n\t\t\t\t<\/div>\n\t\t<div class=\"elementor-element elementor-element-24fb775b e-con-full e-flex e-con e-child\" data-id=\"24fb775b\" data-element_type=\"container\" data-e-type=\"container\">\n\t\t\t\t<div class=\"elementor-element elementor-element-2a60a408 animated-slow elementor-invisible elementor-widget elementor-widget-image\" data-id=\"2a60a408\" data-element_type=\"widget\" data-e-type=\"widget\" data-settings=\"{&quot;_animation&quot;:&quot;fadeInRight&quot;,&quot;_animation_delay&quot;:600}\" data-widget_type=\"image.default\">\n\t\t\t\t\t\t\t\t\t\t\t\t\t\t\t<img fetchpriority=\"high\" decoding=\"async\" width=\"2000\" height=\"1334\" src=\"https:\/\/iuristecnicproperty.com\/wp-content\/uploads\/2025\/08\/agente-inmobiliario-masculino-haciendo-negocios-y-mostrando-la-casa-una-posible-pareja-compradora.webp\" class=\"attachment-full size-full wp-image-240\" alt=\"\" srcset=\"https:\/\/iuristecnicproperty.com\/wp-content\/uploads\/2025\/08\/agente-inmobiliario-masculino-haciendo-negocios-y-mostrando-la-casa-una-posible-pareja-compradora.webp 2000w, https:\/\/iuristecnicproperty.com\/wp-content\/uploads\/2025\/08\/agente-inmobiliario-masculino-haciendo-negocios-y-mostrando-la-casa-una-posible-pareja-compradora-300x200.webp 300w, https:\/\/iuristecnicproperty.com\/wp-content\/uploads\/2025\/08\/agente-inmobiliario-masculino-haciendo-negocios-y-mostrando-la-casa-una-posible-pareja-compradora-1024x683.webp 1024w, https:\/\/iuristecnicproperty.com\/wp-content\/uploads\/2025\/08\/agente-inmobiliario-masculino-haciendo-negocios-y-mostrando-la-casa-una-posible-pareja-compradora-768x512.webp 768w, https:\/\/iuristecnicproperty.com\/wp-content\/uploads\/2025\/08\/agente-inmobiliario-masculino-haciendo-negocios-y-mostrando-la-casa-una-posible-pareja-compradora-1536x1025.webp 1536w, https:\/\/iuristecnicproperty.com\/wp-content\/uploads\/2025\/08\/agente-inmobiliario-masculino-haciendo-negocios-y-mostrando-la-casa-una-posible-pareja-compradora-600x400.webp 600w\" sizes=\"(max-width: 2000px) 100vw, 2000px\" \/>\t\t\t\t\t\t\t\t\t\t\t\t\t\t\t<\/div>\n\t\t\t\t<\/div>\n\t\t\t\t<\/div>\n\t\t\t\t<\/div>\n\t\t<div class=\"elementor-element elementor-element-2dd0740d e-con-full e-flex e-con e-parent\" data-id=\"2dd0740d\" data-element_type=\"container\" data-e-type=\"container\" data-settings=\"{&quot;background_background&quot;:&quot;gradient&quot;}\">\n\t\t\t\t<div class=\"elementor-element elementor-element-f3da813 elementor-invisible elementor-widget elementor-widget-heading\" data-id=\"f3da813\" data-element_type=\"widget\" data-e-type=\"widget\" data-settings=\"{&quot;_animation&quot;:&quot;fadeInDown&quot;,&quot;_animation_delay&quot;:600}\" data-widget_type=\"heading.default\">\n\t\t\t\t\t<h2 class=\"elementor-heading-title elementor-size-default\">Nuestros servicios<\/h2>\t\t\t\t<\/div>\n\t\t\t\t<\/div>\n\t\t<div class=\"elementor-element elementor-element-4a5a6a0a e-flex e-con-boxed e-con e-parent\" data-id=\"4a5a6a0a\" data-element_type=\"container\" data-e-type=\"container\" data-settings=\"{&quot;background_background&quot;:&quot;classic&quot;}\">\n\t\t\t\t\t<div class=\"e-con-inner\">\n\t\t<div class=\"elementor-element elementor-element-260a6381 e-con-full e-flex e-con e-child\" data-id=\"260a6381\" data-element_type=\"container\" data-e-type=\"container\" data-settings=\"{&quot;background_background&quot;:&quot;classic&quot;,&quot;motion_fx_motion_fx_scrolling&quot;:&quot;yes&quot;,&quot;motion_fx_translateX_effect&quot;:&quot;yes&quot;,&quot;motion_fx_translateX_direction&quot;:&quot;negative&quot;,&quot;motion_fx_translateX_speed&quot;:{&quot;unit&quot;:&quot;px&quot;,&quot;size&quot;:1,&quot;sizes&quot;:[]},&quot;motion_fx_translateX_affectedRange&quot;:{&quot;unit&quot;:&quot;%&quot;,&quot;size&quot;:&quot;&quot;,&quot;sizes&quot;:{&quot;start&quot;:0,&quot;end&quot;:50}},&quot;motion_fx_devices&quot;:[&quot;desktop&quot;,&quot;tablet&quot;,&quot;mobile&quot;]}\">\n\t\t\t\t<div class=\"elementor-element elementor-element-9d2f7ac elementor-invisible elementor-widget elementor-widget-heading\" data-id=\"9d2f7ac\" data-element_type=\"widget\" data-e-type=\"widget\" data-settings=\"{&quot;_animation&quot;:&quot;fadeInDown&quot;,&quot;_animation_delay&quot;:600}\" data-widget_type=\"heading.default\">\n\t\t\t\t\t<h2 class=\"elementor-heading-title elementor-size-default\">ALQUILER DE INMUEBLES<\/h2>\t\t\t\t<\/div>\n\t\t\t\t<div class=\"elementor-element elementor-element-22b403d2 elementor-align-center elementor-invisible elementor-widget elementor-widget-button\" data-id=\"22b403d2\" data-element_type=\"widget\" data-e-type=\"widget\" data-settings=\"{&quot;_animation&quot;:&quot;fadeIn&quot;,&quot;_animation_delay&quot;:500}\" data-widget_type=\"button.default\">\n\t\t\t\t\t\t\t\t\t\t<a class=\"elementor-button elementor-button-link elementor-size-sm\" href=\"https:\/\/iuristecnicproperty.com\/venda-dimmobles\/\">\n\t\t\t\t\t\t<span class=\"elementor-button-content-wrapper\">\n\t\t\t\t\t\t\t\t\t<span class=\"elementor-button-text\">Ver m\u00e1s<\/span>\n\t\t\t\t\t<\/span>\n\t\t\t\t\t<\/a>\n\t\t\t\t\t\t\t\t<\/div>\n\t\t\t\t<\/div>\n\t\t<div class=\"elementor-element elementor-element-495144ae e-con-full e-flex e-con e-child\" data-id=\"495144ae\" data-element_type=\"container\" data-e-type=\"container\" data-settings=\"{&quot;background_background&quot;:&quot;classic&quot;,&quot;motion_fx_motion_fx_scrolling&quot;:&quot;yes&quot;,&quot;motion_fx_translateX_effect&quot;:&quot;yes&quot;,&quot;motion_fx_translateX_speed&quot;:{&quot;unit&quot;:&quot;px&quot;,&quot;size&quot;:1,&quot;sizes&quot;:[]},&quot;motion_fx_translateX_affectedRange&quot;:{&quot;unit&quot;:&quot;%&quot;,&quot;size&quot;:&quot;&quot;,&quot;sizes&quot;:{&quot;start&quot;:0,&quot;end&quot;:50}},&quot;motion_fx_devices&quot;:[&quot;desktop&quot;,&quot;tablet&quot;,&quot;mobile&quot;]}\">\n\t\t\t\t<div class=\"elementor-element elementor-element-57fea1f elementor-invisible elementor-widget elementor-widget-heading\" data-id=\"57fea1f\" data-element_type=\"widget\" data-e-type=\"widget\" data-settings=\"{&quot;_animation&quot;:&quot;fadeInDown&quot;,&quot;_animation_delay&quot;:600}\" data-widget_type=\"heading.default\">\n\t\t\t\t\t<h2 class=\"elementor-heading-title elementor-size-default\">CONSULTOR\u00cdA<\/h2>\t\t\t\t<\/div>\n\t\t\t\t<div class=\"elementor-element elementor-element-11fda67c elementor-align-center elementor-invisible elementor-widget elementor-widget-button\" data-id=\"11fda67c\" data-element_type=\"widget\" data-e-type=\"widget\" data-settings=\"{&quot;_animation&quot;:&quot;fadeIn&quot;,&quot;_animation_delay&quot;:500}\" data-widget_type=\"button.default\">\n\t\t\t\t\t\t\t\t\t\t<a class=\"elementor-button elementor-button-link elementor-size-sm\" href=\"https:\/\/iuristecnicproperty.com\/es\/consultoria\/\">\n\t\t\t\t\t\t<span class=\"elementor-button-content-wrapper\">\n\t\t\t\t\t\t\t\t\t<span class=\"elementor-button-text\">Ver m\u00e1s<\/span>\n\t\t\t\t\t<\/span>\n\t\t\t\t\t<\/a>\n\t\t\t\t\t\t\t\t<\/div>\n\t\t\t\t<\/div>\n\t\t\t\t\t<\/div>\n\t\t\t\t<\/div>\n\t\t<div class=\"elementor-element elementor-element-2b893acf e-flex e-con-boxed e-con e-parent\" data-id=\"2b893acf\" data-element_type=\"container\" data-e-type=\"container\" data-settings=\"{&quot;background_background&quot;:&quot;gradient&quot;}\">\n\t\t\t\t\t<div class=\"e-con-inner\">\n\t\t\t\t<div class=\"elementor-element elementor-element-3debc89f elementor-invisible elementor-widget elementor-widget-heading\" data-id=\"3debc89f\" data-element_type=\"widget\" data-e-type=\"widget\" data-settings=\"{&quot;_animation&quot;:&quot;fadeInDown&quot;,&quot;_animation_delay&quot;:600}\" data-widget_type=\"heading.default\">\n\t\t\t\t\t<h2 class=\"elementor-heading-title elementor-size-default\">\u00bfAlguna consulta?<br>Contacta con nosotros<\/h2>\t\t\t\t<\/div>\n\t\t\t\t<div class=\"elementor-element elementor-element-2c8bbcb3 elementor-align-center elementor-invisible elementor-widget elementor-widget-button\" data-id=\"2c8bbcb3\" data-element_type=\"widget\" data-e-type=\"widget\" data-settings=\"{&quot;_animation&quot;:&quot;fadeIn&quot;,&quot;_animation_delay&quot;:500}\" data-widget_type=\"button.default\">\n\t\t\t\t\t\t\t\t\t\t<a class=\"elementor-button elementor-button-link elementor-size-sm\" href=\"https:\/\/iuristecnicproperty.com\/es\/contacto\/\">\n\t\t\t\t\t\t<span class=\"elementor-button-content-wrapper\">\n\t\t\t\t\t\t\t\t\t<span class=\"elementor-button-text\">Contacto<\/span>\n\t\t\t\t\t<\/span>\n\t\t\t\t\t<\/a>\n\t\t\t\t\t\t\t\t<\/div>\n\t\t\t\t\t<\/div>\n\t\t\t\t<\/div>\n\t\t\t\t<\/div>\n\t\t","protected":false},"excerpt":{"rendered":"<p>IURIS TECNIC PROPERTY nos encargamos de gestionar tus inmuebles con compromiso, transparencia y confianza Conoce las ventajas de trabajar con nosotros Contactar IURIS TECNIC PROPERTY nos encargamos de gestionar tus inmuebles con compromiso, transparencia y confianza Conoce las ventajas de trabajar con nosotros Contactar Sobre nosotros En Iuris Tecnic Property nos apasiona el mundo inmobiliario [&hellip;]<\/p>\n","protected":false},"author":1,"featured_media":205,"parent":0,"menu_order":0,"comment_status":"closed","ping_status":"closed","template":"","meta":{"footnotes":""},"class_list":["post-495","page","type-page","status-publish","has-post-thumbnail","hentry"],"yoast_head":"<!-- This site is optimized with the Yoast SEO plugin v26.9 - https:\/\/yoast.com\/product\/yoast-seo-wordpress\/ -->\n<title>Gesti\u00f3n y Consultor\u00eda Inmobiliaria en Girona - Iuristecnic Property<\/title>\n<meta name=\"description\" content=\"Iuris Tecnic Property ofrece gesti\u00f3n y consultor\u00eda inmobiliaria en Girona con transparencia y proximidad. Soluciones adaptadas.\" \/>\n<meta name=\"robots\" content=\"index, follow, max-snippet:-1, max-image-preview:large, max-video-preview:-1\" \/>\n<link rel=\"canonical\" href=\"https:\/\/iuristecnicproperty.com\/es\/\" \/>\n<meta property=\"og:locale\" content=\"es_ES\" \/>\n<meta property=\"og:type\" content=\"article\" \/>\n<meta property=\"og:title\" content=\"Gesti\u00f3n y Consultor\u00eda Inmobiliaria en Girona - Iuristecnic Property\" \/>\n<meta property=\"og:description\" content=\"Iuris Tecnic Property ofrece gesti\u00f3n y consultor\u00eda inmobiliaria en Girona con transparencia y proximidad. Soluciones adaptadas.\" \/>\n<meta property=\"og:url\" content=\"https:\/\/iuristecnicproperty.com\/es\/\" \/>\n<meta property=\"og:site_name\" content=\"Iuristecnic Property\" \/>\n<meta property=\"article:modified_time\" content=\"2025-08-28T08:36:02+00:00\" \/>\n<meta property=\"og:image\" content=\"https:\/\/iuristecnicproperty.com\/wp-content\/uploads\/2025\/08\/ITP.webp\" \/>\n\t<meta property=\"og:image:width\" content=\"200\" \/>\n\t<meta property=\"og:image:height\" content=\"200\" \/>\n\t<meta property=\"og:image:type\" content=\"image\/webp\" \/>\n<meta name=\"twitter:card\" content=\"summary_large_image\" \/>\n<meta name=\"twitter:label1\" content=\"Tiempo de lectura\" \/>\n\t<meta name=\"twitter:data1\" content=\"1 minuto\" \/>\n<script type=\"application\/ld+json\" class=\"yoast-schema-graph\">{\"@context\":\"https:\/\/schema.org\",\"@graph\":[{\"@type\":\"WebPage\",\"@id\":\"https:\/\/iuristecnicproperty.com\/es\/\",\"url\":\"https:\/\/iuristecnicproperty.com\/es\/\",\"name\":\"Gesti\u00f3n y Consultor\u00eda Inmobiliaria en Girona - Iuristecnic Property\",\"isPartOf\":{\"@id\":\"https:\/\/iuristecnicproperty.com\/es\/#website\"},\"primaryImageOfPage\":{\"@id\":\"https:\/\/iuristecnicproperty.com\/es\/#primaryimage\"},\"image\":{\"@id\":\"https:\/\/iuristecnicproperty.com\/es\/#primaryimage\"},\"thumbnailUrl\":\"https:\/\/iuristecnicproperty.com\/wp-content\/uploads\/2025\/08\/ITP.webp\",\"datePublished\":\"2025-08-18T10:51:30+00:00\",\"dateModified\":\"2025-08-28T08:36:02+00:00\",\"description\":\"Iuris Tecnic Property ofrece gesti\u00f3n y consultor\u00eda inmobiliaria en Girona con transparencia y proximidad. Soluciones adaptadas.\",\"breadcrumb\":{\"@id\":\"https:\/\/iuristecnicproperty.com\/es\/#breadcrumb\"},\"inLanguage\":\"es\",\"potentialAction\":[{\"@type\":\"ReadAction\",\"target\":[\"https:\/\/iuristecnicproperty.com\/es\/\"]}]},{\"@type\":\"ImageObject\",\"inLanguage\":\"es\",\"@id\":\"https:\/\/iuristecnicproperty.com\/es\/#primaryimage\",\"url\":\"https:\/\/iuristecnicproperty.com\/wp-content\/uploads\/2025\/08\/ITP.webp\",\"contentUrl\":\"https:\/\/iuristecnicproperty.com\/wp-content\/uploads\/2025\/08\/ITP.webp\",\"width\":200,\"height\":200},{\"@type\":\"BreadcrumbList\",\"@id\":\"https:\/\/iuristecnicproperty.com\/es\/#breadcrumb\",\"itemListElement\":[{\"@type\":\"ListItem\",\"position\":1,\"name\":\"Inici\",\"item\":\"https:\/\/iuristecnicproperty.com\/es\/inicio\/\"},{\"@type\":\"ListItem\",\"position\":2,\"name\":\"Inicio\"}]},{\"@type\":\"WebSite\",\"@id\":\"https:\/\/iuristecnicproperty.com\/es\/#website\",\"url\":\"https:\/\/iuristecnicproperty.com\/es\/\",\"name\":\"Iuristecnic Property\",\"description\":\"Gesti\u00f3 de bens immobles\",\"publisher\":{\"@id\":\"https:\/\/iuristecnicproperty.com\/es\/#organization\"},\"potentialAction\":[{\"@type\":\"SearchAction\",\"target\":{\"@type\":\"EntryPoint\",\"urlTemplate\":\"https:\/\/iuristecnicproperty.com\/es\/?s={search_term_string}\"},\"query-input\":{\"@type\":\"PropertyValueSpecification\",\"valueRequired\":true,\"valueName\":\"search_term_string\"}}],\"inLanguage\":\"es\"},{\"@type\":\"Organization\",\"@id\":\"https:\/\/iuristecnicproperty.com\/es\/#organization\",\"name\":\"Iuristecnic Property\",\"url\":\"https:\/\/iuristecnicproperty.com\/es\/\",\"logo\":{\"@type\":\"ImageObject\",\"inLanguage\":\"es\",\"@id\":\"https:\/\/iuristecnicproperty.com\/es\/#\/schema\/logo\/image\/\",\"url\":\"https:\/\/iuristecnicproperty.com\/wp-content\/uploads\/2025\/08\/Recurso-1.webp\",\"contentUrl\":\"https:\/\/iuristecnicproperty.com\/wp-content\/uploads\/2025\/08\/Recurso-1.webp\",\"width\":172,\"height\":62,\"caption\":\"Iuristecnic Property\"},\"image\":{\"@id\":\"https:\/\/iuristecnicproperty.com\/es\/#\/schema\/logo\/image\/\"}}]}<\/script>\n<!-- \/ Yoast SEO plugin. -->","yoast_head_json":{"title":"Gesti\u00f3n y Consultor\u00eda Inmobiliaria en Girona - Iuristecnic Property","description":"Iuris Tecnic Property ofrece gesti\u00f3n y consultor\u00eda inmobiliaria en Girona con transparencia y proximidad. Soluciones adaptadas.","robots":{"index":"index","follow":"follow","max-snippet":"max-snippet:-1","max-image-preview":"max-image-preview:large","max-video-preview":"max-video-preview:-1"},"canonical":"https:\/\/iuristecnicproperty.com\/es\/","og_locale":"es_ES","og_type":"article","og_title":"Gesti\u00f3n y Consultor\u00eda Inmobiliaria en Girona - Iuristecnic Property","og_description":"Iuris Tecnic Property ofrece gesti\u00f3n y consultor\u00eda inmobiliaria en Girona con transparencia y proximidad. Soluciones adaptadas.","og_url":"https:\/\/iuristecnicproperty.com\/es\/","og_site_name":"Iuristecnic Property","article_modified_time":"2025-08-28T08:36:02+00:00","og_image":[{"width":200,"height":200,"url":"https:\/\/iuristecnicproperty.com\/wp-content\/uploads\/2025\/08\/ITP.webp","type":"image\/webp"}],"twitter_card":"summary_large_image","twitter_misc":{"Tiempo de lectura":"1 minuto"},"schema":{"@context":"https:\/\/schema.org","@graph":[{"@type":"WebPage","@id":"https:\/\/iuristecnicproperty.com\/es\/","url":"https:\/\/iuristecnicproperty.com\/es\/","name":"Gesti\u00f3n y Consultor\u00eda Inmobiliaria en Girona - Iuristecnic Property","isPartOf":{"@id":"https:\/\/iuristecnicproperty.com\/es\/#website"},"primaryImageOfPage":{"@id":"https:\/\/iuristecnicproperty.com\/es\/#primaryimage"},"image":{"@id":"https:\/\/iuristecnicproperty.com\/es\/#primaryimage"},"thumbnailUrl":"https:\/\/iuristecnicproperty.com\/wp-content\/uploads\/2025\/08\/ITP.webp","datePublished":"2025-08-18T10:51:30+00:00","dateModified":"2025-08-28T08:36:02+00:00","description":"Iuris Tecnic Property ofrece gesti\u00f3n y consultor\u00eda inmobiliaria en Girona con transparencia y proximidad. Soluciones adaptadas.","breadcrumb":{"@id":"https:\/\/iuristecnicproperty.com\/es\/#breadcrumb"},"inLanguage":"es","potentialAction":[{"@type":"ReadAction","target":["https:\/\/iuristecnicproperty.com\/es\/"]}]},{"@type":"ImageObject","inLanguage":"es","@id":"https:\/\/iuristecnicproperty.com\/es\/#primaryimage","url":"https:\/\/iuristecnicproperty.com\/wp-content\/uploads\/2025\/08\/ITP.webp","contentUrl":"https:\/\/iuristecnicproperty.com\/wp-content\/uploads\/2025\/08\/ITP.webp","width":200,"height":200},{"@type":"BreadcrumbList","@id":"https:\/\/iuristecnicproperty.com\/es\/#breadcrumb","itemListElement":[{"@type":"ListItem","position":1,"name":"Inici","item":"https:\/\/iuristecnicproperty.com\/es\/inicio\/"},{"@type":"ListItem","position":2,"name":"Inicio"}]},{"@type":"WebSite","@id":"https:\/\/iuristecnicproperty.com\/es\/#website","url":"https:\/\/iuristecnicproperty.com\/es\/","name":"Iuristecnic Property","description":"Gesti\u00f3 de bens immobles","publisher":{"@id":"https:\/\/iuristecnicproperty.com\/es\/#organization"},"potentialAction":[{"@type":"SearchAction","target":{"@type":"EntryPoint","urlTemplate":"https:\/\/iuristecnicproperty.com\/es\/?s={search_term_string}"},"query-input":{"@type":"PropertyValueSpecification","valueRequired":true,"valueName":"search_term_string"}}],"inLanguage":"es"},{"@type":"Organization","@id":"https:\/\/iuristecnicproperty.com\/es\/#organization","name":"Iuristecnic Property","url":"https:\/\/iuristecnicproperty.com\/es\/","logo":{"@type":"ImageObject","inLanguage":"es","@id":"https:\/\/iuristecnicproperty.com\/es\/#\/schema\/logo\/image\/","url":"https:\/\/iuristecnicproperty.com\/wp-content\/uploads\/2025\/08\/Recurso-1.webp","contentUrl":"https:\/\/iuristecnicproperty.com\/wp-content\/uploads\/2025\/08\/Recurso-1.webp","width":172,"height":62,"caption":"Iuristecnic Property"},"image":{"@id":"https:\/\/iuristecnicproperty.com\/es\/#\/schema\/logo\/image\/"}}]}},"_links":{"self":[{"href":"https:\/\/iuristecnicproperty.com\/es\/wp-json\/wp\/v2\/pages\/495","targetHints":{"allow":["GET"]}}],"collection":[{"href":"https:\/\/iuristecnicproperty.com\/es\/wp-json\/wp\/v2\/pages"}],"about":[{"href":"https:\/\/iuristecnicproperty.com\/es\/wp-json\/wp\/v2\/types\/page"}],"author":[{"embeddable":true,"href":"https:\/\/iuristecnicproperty.com\/es\/wp-json\/wp\/v2\/users\/1"}],"replies":[{"embeddable":true,"href":"https:\/\/iuristecnicproperty.com\/es\/wp-json\/wp\/v2\/comments?post=495"}],"version-history":[{"count":5,"href":"https:\/\/iuristecnicproperty.com\/es\/wp-json\/wp\/v2\/pages\/495\/revisions"}],"predecessor-version":[{"id":579,"href":"https:\/\/iuristecnicproperty.com\/es\/wp-json\/wp\/v2\/pages\/495\/revisions\/579"}],"wp:featuredmedia":[{"embeddable":true,"href":"https:\/\/iuristecnicproperty.com\/es\/wp-json\/wp\/v2\/media\/205"}],"wp:attachment":[{"href":"https:\/\/iuristecnicproperty.com\/es\/wp-json\/wp\/v2\/media?parent=495"}],"curies":[{"name":"wp","href":"https:\/\/api.w.org\/{rel}","templated":true}]}}