{"id":497,"date":"2025-08-18T12:57:08","date_gmt":"2025-08-18T10:57:08","guid":{"rendered":"https:\/\/iuristecnicproperty.com\/alquiler-de-inmuebles\/"},"modified":"2025-08-28T10:53:55","modified_gmt":"2025-08-28T08:53:55","slug":"alquiler-de-inmuebles","status":"publish","type":"page","link":"https:\/\/iuristecnicproperty.com\/es\/alquiler-de-inmuebles\/","title":{"rendered":"Alquiler de inmuebles"},"content":{"rendered":"\t\t<div data-elementor-type=\"wp-page\" data-elementor-id=\"497\" class=\"elementor elementor-497 elementor-41\" data-elementor-post-type=\"page\">\n\t\t\t\t<div class=\"elementor-element elementor-element-03ca6b1 e-con-full e-flex e-con e-parent\" data-id=\"03ca6b1\" data-element_type=\"container\" data-e-type=\"container\" data-settings=\"{&quot;background_background&quot;:&quot;gradient&quot;}\">\n\t\t\t\t<div class=\"elementor-element elementor-element-52bcc1a elementor-invisible elementor-widget elementor-widget-heading\" data-id=\"52bcc1a\" data-element_type=\"widget\" data-e-type=\"widget\" data-settings=\"{&quot;_animation&quot;:&quot;fadeInUp&quot;,&quot;_animation_delay&quot;:600}\" data-widget_type=\"heading.default\">\n\t\t\t\t\t<h1 class=\"elementor-heading-title elementor-size-default\">Alquiler de Inmuebles<\/h1>\t\t\t\t<\/div>\n\t\t\t\t<\/div>\n\t\t<div class=\"elementor-element elementor-element-a210bb8 e-flex e-con-boxed e-con e-parent\" data-id=\"a210bb8\" data-element_type=\"container\" data-e-type=\"container\" data-settings=\"{&quot;background_background&quot;:&quot;classic&quot;}\">\n\t\t\t\t\t<div class=\"e-con-inner\">\n\t\t\t\t\t<\/div>\n\t\t\t\t<\/div>\n\t\t<div class=\"elementor-element elementor-element-0fb76cf e-con-full e-flex e-con e-parent\" data-id=\"0fb76cf\" data-element_type=\"container\" data-e-type=\"container\" data-settings=\"{&quot;background_background&quot;:&quot;classic&quot;}\">\n\t\t\t\t<div class=\"elementor-element elementor-element-73c0a99 elementor-widget elementor-widget-heading\" data-id=\"73c0a99\" data-element_type=\"widget\" data-e-type=\"widget\" data-widget_type=\"heading.default\">\n\t\t\t\t\t<h2 class=\"elementor-heading-title elementor-size-default\">Encuentra tu inmueble ideal<\/h2>\t\t\t\t<\/div>\n\t\t<div class=\"elementor-element elementor-element-8e3fcea e-con-full e-flex e-con e-child\" data-id=\"8e3fcea\" data-element_type=\"container\" data-e-type=\"container\">\n\t\t\t\t<div class=\"elementor-element elementor-element-e768506 elementor-widget elementor-widget-text-editor\" data-id=\"e768506\" data-element_type=\"widget\" data-e-type=\"widget\" data-widget_type=\"text-editor.default\">\n\t\t\t\t\t\t\t\t\t<p>Filtrar por<\/p>\t\t\t\t\t\t\t\t<\/div>\n\t\t\t\t<\/div>\n\t\t\t\t<div class=\"elementor-element elementor-element-97218d5 elementor-widget elementor-widget-jet-listing-grid\" data-id=\"97218d5\" data-element_type=\"widget\" data-e-type=\"widget\" data-settings=\"{&quot;columns&quot;:&quot;3&quot;,&quot;columns_tablet&quot;:&quot;1&quot;,&quot;columns_mobile&quot;:&quot;1&quot;}\" data-widget_type=\"jet-listing-grid.default\">\n\t\t\t\t\t<div class=\"jet-listing-grid jet-listing\"><div class=\"jet-listing-grid__items grid-col-desk-3 grid-col-tablet-1 grid-col-mobile-1 jet-listing-grid--436\" data-queried-id=\"497|WP_Post\" data-nav=\"{&quot;enabled&quot;:false,&quot;type&quot;:null,&quot;more_el&quot;:null,&quot;query&quot;:[],&quot;widget_settings&quot;:{&quot;lisitng_id&quot;:436,&quot;posts_num&quot;:3,&quot;columns&quot;:3,&quot;columns_tablet&quot;:1,&quot;columns_mobile&quot;:1,&quot;column_min_width&quot;:240,&quot;column_min_width_tablet&quot;:240,&quot;column_min_width_mobile&quot;:240,&quot;inline_columns_css&quot;:false,&quot;is_archive_template&quot;:&quot;&quot;,&quot;post_status&quot;:[&quot;publish&quot;],&quot;use_random_posts_num&quot;:&quot;&quot;,&quot;max_posts_num&quot;:9,&quot;not_found_message&quot;:&quot;No se encontraron datos&quot;,&quot;is_masonry&quot;:false,&quot;equal_columns_height&quot;:&quot;&quot;,&quot;use_load_more&quot;:&quot;&quot;,&quot;load_more_id&quot;:&quot;&quot;,&quot;load_more_type&quot;:&quot;click&quot;,&quot;load_more_offset&quot;:{&quot;unit&quot;:&quot;px&quot;,&quot;size&quot;:0,&quot;sizes&quot;:[]},&quot;use_custom_post_types&quot;:&quot;&quot;,&quot;custom_post_types&quot;:[],&quot;hide_widget_if&quot;:&quot;&quot;,&quot;carousel_enabled&quot;:&quot;&quot;,&quot;slides_to_scroll&quot;:&quot;1&quot;,&quot;arrows&quot;:&quot;true&quot;,&quot;arrow_icon&quot;:&quot;fa fa-angle-left&quot;,&quot;dots&quot;:&quot;&quot;,&quot;autoplay&quot;:&quot;true&quot;,&quot;pause_on_hover&quot;:&quot;true&quot;,&quot;autoplay_speed&quot;:5000,&quot;infinite&quot;:&quot;true&quot;,&quot;center_mode&quot;:&quot;&quot;,&quot;effect&quot;:&quot;slide&quot;,&quot;speed&quot;:500,&quot;inject_alternative_items&quot;:&quot;&quot;,&quot;injection_items&quot;:[],&quot;scroll_slider_enabled&quot;:&quot;&quot;,&quot;scroll_slider_on&quot;:[&quot;desktop&quot;,&quot;tablet&quot;,&quot;mobile&quot;],&quot;custom_query&quot;:false,&quot;custom_query_id&quot;:&quot;&quot;,&quot;_element_id&quot;:&quot;&quot;,&quot;collapse_first_last_gap&quot;:false,&quot;list_tag_selection&quot;:&quot;&quot;,&quot;list_items_wrapper_tag&quot;:&quot;div&quot;,&quot;list_item_tag&quot;:&quot;div&quot;,&quot;empty_items_wrapper_tag&quot;:&quot;div&quot;}}\" data-page=\"1\" data-pages=\"1\" data-listing-source=\"posts\" data-listing-id=\"436\" data-query-id=\"\"><div class=\"jet-listing-grid__item jet-listing-dynamic-post-434\" data-post-id=\"434\"  ><style type=\"text\/css\">.jet-listing-dynamic-post-434 .elementor-element.elementor-element-6c96b62:not(.elementor-motion-effects-element-type-background), .jet-listing-dynamic-post-434 .elementor-element.elementor-element-6c96b62 > .elementor-motion-effects-container > .elementor-motion-effects-layer{background-image:url(\"https:\/\/iuristecnicproperty.com\/wp-content\/uploads\/2025\/08\/4f238c4afb24a7f7c18b282f6bd0c09779216f9c.png\");}<\/style>\t\t<div data-elementor-type=\"jet-listing-items\" data-elementor-id=\"436\" class=\"elementor elementor-436\" data-elementor-post-type=\"jet-engine\">\n\t\t\t\t<div class=\"elementor-element elementor-element-61380ed e-con-full e-flex e-con e-parent\" data-id=\"61380ed\" data-element_type=\"container\" data-e-type=\"container\" data-settings=\"{&quot;background_background&quot;:&quot;classic&quot;}\">\n\t\t<div class=\"elementor-element elementor-element-6c96b62 e-con-full e-flex e-con e-child\" data-id=\"6c96b62\" data-element_type=\"container\" data-e-type=\"container\" data-settings=\"{&quot;background_background&quot;:&quot;classic&quot;}\">\n\t\t\t\t<\/div>\n\t\t<div class=\"elementor-element elementor-element-3905d5b e-con-full e-flex e-con e-child\" data-id=\"3905d5b\" data-element_type=\"container\" data-e-type=\"container\">\n\t\t\t\t<div class=\"elementor-element elementor-element-460d17c elementor-invisible elementor-widget elementor-widget-jet-listing-dynamic-field\" data-id=\"460d17c\" data-element_type=\"widget\" data-e-type=\"widget\" data-settings=\"{&quot;_animation&quot;:&quot;fadeIn&quot;}\" data-widget_type=\"jet-listing-dynamic-field.default\">\n\t\t\t\t\t<div class=\"jet-listing jet-listing-dynamic-field display-inline\"><div class=\"jet-listing-dynamic-field__inline-wrap\"><h3 class=\"jet-listing-dynamic-field__content\" >Immoble 3<\/h3><\/div><\/div>\t\t\t\t<\/div>\n\t\t\t\t<div class=\"elementor-element elementor-element-25ddc5c elementor-align-left elementor-invisible elementor-widget elementor-widget-button\" data-id=\"25ddc5c\" data-element_type=\"widget\" data-e-type=\"widget\" data-settings=\"{&quot;_animation&quot;:&quot;fadeIn&quot;,&quot;_animation_delay&quot;:500}\" data-widget_type=\"button.default\">\n\t\t\t\t\t\t\t\t\t\t<a class=\"elementor-button elementor-button-link elementor-size-sm\" href=\"https:\/\/iuristecnicproperty.com\/es\/immobles\/immoble-3\/\">\n\t\t\t\t\t\t<span class=\"elementor-button-content-wrapper\">\n\t\t\t\t\t\t\t\t\t<span class=\"elementor-button-text\">Veure'n m\u00e9s<\/span>\n\t\t\t\t\t<\/span>\n\t\t\t\t\t<\/a>\n\t\t\t\t\t\t\t\t<\/div>\n\t\t\t\t<\/div>\n\t\t\t\t<\/div>\n\t\t\t\t<\/div>\n\t\t<\/div><div class=\"jet-listing-grid__item jet-listing-dynamic-post-433\" data-post-id=\"433\"  ><style type=\"text\/css\">.jet-listing-dynamic-post-433 .elementor-element.elementor-element-6c96b62:not(.elementor-motion-effects-element-type-background), .jet-listing-dynamic-post-433 .elementor-element.elementor-element-6c96b62 > .elementor-motion-effects-container > .elementor-motion-effects-layer{background-image:url(\"https:\/\/iuristecnicproperty.com\/wp-content\/uploads\/2025\/08\/f20df0d867c4f0c8006461ae50155eba48e8220d.png\");}<\/style>\t\t<div data-elementor-type=\"jet-listing-items\" data-elementor-id=\"436\" class=\"elementor elementor-436\" data-elementor-post-type=\"jet-engine\">\n\t\t\t\t<div class=\"elementor-element elementor-element-61380ed e-con-full e-flex e-con e-parent\" data-id=\"61380ed\" data-element_type=\"container\" data-e-type=\"container\" data-settings=\"{&quot;background_background&quot;:&quot;classic&quot;}\">\n\t\t<div class=\"elementor-element elementor-element-6c96b62 e-con-full e-flex e-con e-child\" data-id=\"6c96b62\" data-element_type=\"container\" data-e-type=\"container\" data-settings=\"{&quot;background_background&quot;:&quot;classic&quot;}\">\n\t\t\t\t<\/div>\n\t\t<div class=\"elementor-element elementor-element-3905d5b e-con-full e-flex e-con e-child\" data-id=\"3905d5b\" data-element_type=\"container\" data-e-type=\"container\">\n\t\t\t\t<div class=\"elementor-element elementor-element-460d17c elementor-invisible elementor-widget elementor-widget-jet-listing-dynamic-field\" data-id=\"460d17c\" data-element_type=\"widget\" data-e-type=\"widget\" data-settings=\"{&quot;_animation&quot;:&quot;fadeIn&quot;}\" data-widget_type=\"jet-listing-dynamic-field.default\">\n\t\t\t\t\t<div class=\"jet-listing jet-listing-dynamic-field display-inline\"><div class=\"jet-listing-dynamic-field__inline-wrap\"><h3 class=\"jet-listing-dynamic-field__content\" >Immoble 2<\/h3><\/div><\/div>\t\t\t\t<\/div>\n\t\t\t\t<div class=\"elementor-element elementor-element-25ddc5c elementor-align-left elementor-invisible elementor-widget elementor-widget-button\" data-id=\"25ddc5c\" data-element_type=\"widget\" data-e-type=\"widget\" data-settings=\"{&quot;_animation&quot;:&quot;fadeIn&quot;,&quot;_animation_delay&quot;:500}\" data-widget_type=\"button.default\">\n\t\t\t\t\t\t\t\t\t\t<a class=\"elementor-button elementor-button-link elementor-size-sm\" href=\"https:\/\/iuristecnicproperty.com\/es\/immobles\/immoble-2\/\">\n\t\t\t\t\t\t<span class=\"elementor-button-content-wrapper\">\n\t\t\t\t\t\t\t\t\t<span class=\"elementor-button-text\">Veure'n m\u00e9s<\/span>\n\t\t\t\t\t<\/span>\n\t\t\t\t\t<\/a>\n\t\t\t\t\t\t\t\t<\/div>\n\t\t\t\t<\/div>\n\t\t\t\t<\/div>\n\t\t\t\t<\/div>\n\t\t<\/div><div class=\"jet-listing-grid__item jet-listing-dynamic-post-431\" data-post-id=\"431\"  ><style type=\"text\/css\">.jet-listing-dynamic-post-431 .elementor-element.elementor-element-6c96b62:not(.elementor-motion-effects-element-type-background), .jet-listing-dynamic-post-431 .elementor-element.elementor-element-6c96b62 > .elementor-motion-effects-container > .elementor-motion-effects-layer{background-image:url(\"https:\/\/iuristecnicproperty.com\/wp-content\/uploads\/2025\/08\/040b67d630d99d3b01e22f161146c6e13da3fa0c.png\");}<\/style>\t\t<div data-elementor-type=\"jet-listing-items\" data-elementor-id=\"436\" class=\"elementor elementor-436\" data-elementor-post-type=\"jet-engine\">\n\t\t\t\t<div class=\"elementor-element elementor-element-61380ed e-con-full e-flex e-con e-parent\" data-id=\"61380ed\" data-element_type=\"container\" data-e-type=\"container\" data-settings=\"{&quot;background_background&quot;:&quot;classic&quot;}\">\n\t\t<div class=\"elementor-element elementor-element-6c96b62 e-con-full e-flex e-con e-child\" data-id=\"6c96b62\" data-element_type=\"container\" data-e-type=\"container\" data-settings=\"{&quot;background_background&quot;:&quot;classic&quot;}\">\n\t\t\t\t<\/div>\n\t\t<div class=\"elementor-element elementor-element-3905d5b e-con-full e-flex e-con e-child\" data-id=\"3905d5b\" data-element_type=\"container\" data-e-type=\"container\">\n\t\t\t\t<div class=\"elementor-element elementor-element-460d17c elementor-invisible elementor-widget elementor-widget-jet-listing-dynamic-field\" data-id=\"460d17c\" data-element_type=\"widget\" data-e-type=\"widget\" data-settings=\"{&quot;_animation&quot;:&quot;fadeIn&quot;}\" data-widget_type=\"jet-listing-dynamic-field.default\">\n\t\t\t\t\t<div class=\"jet-listing jet-listing-dynamic-field display-inline\"><div class=\"jet-listing-dynamic-field__inline-wrap\"><h3 class=\"jet-listing-dynamic-field__content\" >Immoble 1<\/h3><\/div><\/div>\t\t\t\t<\/div>\n\t\t\t\t<div class=\"elementor-element elementor-element-25ddc5c elementor-align-left elementor-invisible elementor-widget elementor-widget-button\" data-id=\"25ddc5c\" data-element_type=\"widget\" data-e-type=\"widget\" data-settings=\"{&quot;_animation&quot;:&quot;fadeIn&quot;,&quot;_animation_delay&quot;:500}\" data-widget_type=\"button.default\">\n\t\t\t\t\t\t\t\t\t\t<a class=\"elementor-button elementor-button-link elementor-size-sm\" href=\"https:\/\/iuristecnicproperty.com\/es\/immobles\/immoble-1\/\">\n\t\t\t\t\t\t<span class=\"elementor-button-content-wrapper\">\n\t\t\t\t\t\t\t\t\t<span class=\"elementor-button-text\">Veure'n m\u00e9s<\/span>\n\t\t\t\t\t<\/span>\n\t\t\t\t\t<\/a>\n\t\t\t\t\t\t\t\t<\/div>\n\t\t\t\t<\/div>\n\t\t\t\t<\/div>\n\t\t\t\t<\/div>\n\t\t<\/div><\/div><\/div>\t\t\t\t<\/div>\n\t\t\t\t<\/div>\n\t\t<div class=\"elementor-element elementor-element-0d73d5d e-flex e-con-boxed e-con e-parent\" data-id=\"0d73d5d\" data-element_type=\"container\" data-e-type=\"container\" data-settings=\"{&quot;background_background&quot;:&quot;gradient&quot;}\">\n\t\t\t\t\t<div class=\"e-con-inner\">\n\t\t\t\t<div class=\"elementor-element elementor-element-8065ef2 elementor-invisible elementor-widget elementor-widget-heading\" data-id=\"8065ef2\" data-element_type=\"widget\" data-e-type=\"widget\" data-settings=\"{&quot;_animation&quot;:&quot;fadeInDown&quot;,&quot;_animation_delay&quot;:600}\" data-widget_type=\"heading.default\">\n\t\t\t\t\t<h2 class=\"elementor-heading-title elementor-size-default\">\u00bfAlguna consulta?<br>Contacta con nosotros<\/h2>\t\t\t\t<\/div>\n\t\t\t\t<div class=\"elementor-element elementor-element-2399126 elementor-align-center elementor-invisible elementor-widget elementor-widget-button\" data-id=\"2399126\" data-element_type=\"widget\" data-e-type=\"widget\" data-settings=\"{&quot;_animation&quot;:&quot;fadeIn&quot;,&quot;_animation_delay&quot;:500}\" data-widget_type=\"button.default\">\n\t\t\t\t\t\t\t\t\t\t<a class=\"elementor-button elementor-button-link elementor-size-sm\" href=\"https:\/\/iuristecnicproperty.com\/es\/contacto\/\">\n\t\t\t\t\t\t<span class=\"elementor-button-content-wrapper\">\n\t\t\t\t\t\t\t\t\t<span class=\"elementor-button-text\">Contacto<\/span>\n\t\t\t\t\t<\/span>\n\t\t\t\t\t<\/a>\n\t\t\t\t\t\t\t\t<\/div>\n\t\t\t\t\t<\/div>\n\t\t\t\t<\/div>\n\t\t\t\t<\/div>\n\t\t","protected":false},"excerpt":{"rendered":"<p>Alquiler de Inmuebles Encuentra tu inmueble ideal Filtrar por Immoble 3 Veure&#8217;n m\u00e9s Immoble 2 Veure&#8217;n m\u00e9s Immoble 1 Veure&#8217;n m\u00e9s \u00bfAlguna consulta?Contacta con nosotros Contacto<\/p>\n","protected":false},"author":1,"featured_media":240,"parent":0,"menu_order":0,"comment_status":"closed","ping_status":"closed","template":"elementor_header_footer","meta":{"footnotes":""},"class_list":["post-497","page","type-page","status-publish","has-post-thumbnail","hentry"],"yoast_head":"<!-- This site is optimized with the Yoast SEO plugin v26.9 - https:\/\/yoast.com\/product\/yoast-seo-wordpress\/ -->\n<title>Alquiler inmuebles Girona - Iuristecnic Property<\/title>\n<meta name=\"description\" content=\"Encuentra tu espacio ideal con el servicio de alquiler de inmuebles en Girona de Iuris Tecnic Property. Personalizaci\u00f3n, confianza y proximidad.\" \/>\n<meta name=\"robots\" content=\"index, follow, max-snippet:-1, max-image-preview:large, max-video-preview:-1\" \/>\n<link rel=\"canonical\" href=\"https:\/\/iuristecnicproperty.com\/es\/alquiler-de-inmuebles\/\" \/>\n<meta property=\"og:locale\" content=\"es_ES\" \/>\n<meta property=\"og:type\" content=\"article\" \/>\n<meta property=\"og:title\" content=\"Alquiler inmuebles Girona - Iuristecnic Property\" \/>\n<meta property=\"og:description\" content=\"Encuentra tu espacio ideal con el servicio de alquiler de inmuebles en Girona de Iuris Tecnic Property. Personalizaci\u00f3n, confianza y proximidad.\" \/>\n<meta property=\"og:url\" content=\"https:\/\/iuristecnicproperty.com\/es\/alquiler-de-inmuebles\/\" \/>\n<meta property=\"og:site_name\" content=\"Iuristecnic Property\" \/>\n<meta property=\"article:modified_time\" content=\"2025-08-28T08:53:55+00:00\" \/>\n<meta property=\"og:image\" content=\"https:\/\/iuristecnicproperty.com\/wp-content\/uploads\/2025\/08\/agente-inmobiliario-masculino-haciendo-negocios-y-mostrando-la-casa-una-posible-pareja-compradora.webp\" \/>\n\t<meta property=\"og:image:width\" content=\"2000\" \/>\n\t<meta property=\"og:image:height\" content=\"1334\" \/>\n\t<meta property=\"og:image:type\" content=\"image\/webp\" \/>\n<meta name=\"twitter:card\" content=\"summary_large_image\" \/>\n<script type=\"application\/ld+json\" class=\"yoast-schema-graph\">{\"@context\":\"https:\/\/schema.org\",\"@graph\":[{\"@type\":\"WebPage\",\"@id\":\"https:\/\/iuristecnicproperty.com\/es\/alquiler-de-inmuebles\/\",\"url\":\"https:\/\/iuristecnicproperty.com\/es\/alquiler-de-inmuebles\/\",\"name\":\"Alquiler inmuebles Girona - Iuristecnic Property\",\"isPartOf\":{\"@id\":\"https:\/\/iuristecnicproperty.com\/es\/#website\"},\"primaryImageOfPage\":{\"@id\":\"https:\/\/iuristecnicproperty.com\/es\/alquiler-de-inmuebles\/#primaryimage\"},\"image\":{\"@id\":\"https:\/\/iuristecnicproperty.com\/es\/alquiler-de-inmuebles\/#primaryimage\"},\"thumbnailUrl\":\"https:\/\/iuristecnicproperty.com\/wp-content\/uploads\/2025\/08\/agente-inmobiliario-masculino-haciendo-negocios-y-mostrando-la-casa-una-posible-pareja-compradora.webp\",\"datePublished\":\"2025-08-18T10:57:08+00:00\",\"dateModified\":\"2025-08-28T08:53:55+00:00\",\"description\":\"Encuentra tu espacio ideal con el servicio de alquiler de inmuebles en Girona de Iuris Tecnic Property. Personalizaci\u00f3n, confianza y proximidad.\",\"breadcrumb\":{\"@id\":\"https:\/\/iuristecnicproperty.com\/es\/alquiler-de-inmuebles\/#breadcrumb\"},\"inLanguage\":\"es\",\"potentialAction\":[{\"@type\":\"ReadAction\",\"target\":[\"https:\/\/iuristecnicproperty.com\/es\/alquiler-de-inmuebles\/\"]}]},{\"@type\":\"ImageObject\",\"inLanguage\":\"es\",\"@id\":\"https:\/\/iuristecnicproperty.com\/es\/alquiler-de-inmuebles\/#primaryimage\",\"url\":\"https:\/\/iuristecnicproperty.com\/wp-content\/uploads\/2025\/08\/agente-inmobiliario-masculino-haciendo-negocios-y-mostrando-la-casa-una-posible-pareja-compradora.webp\",\"contentUrl\":\"https:\/\/iuristecnicproperty.com\/wp-content\/uploads\/2025\/08\/agente-inmobiliario-masculino-haciendo-negocios-y-mostrando-la-casa-una-posible-pareja-compradora.webp\",\"width\":2000,\"height\":1334},{\"@type\":\"BreadcrumbList\",\"@id\":\"https:\/\/iuristecnicproperty.com\/es\/alquiler-de-inmuebles\/#breadcrumb\",\"itemListElement\":[{\"@type\":\"ListItem\",\"position\":1,\"name\":\"Inici\",\"item\":\"https:\/\/iuristecnicproperty.com\/es\/inicio\/\"},{\"@type\":\"ListItem\",\"position\":2,\"name\":\"Alquiler de inmuebles\"}]},{\"@type\":\"WebSite\",\"@id\":\"https:\/\/iuristecnicproperty.com\/es\/#website\",\"url\":\"https:\/\/iuristecnicproperty.com\/es\/\",\"name\":\"Iuristecnic Property\",\"description\":\"Gesti\u00f3 de bens immobles\",\"publisher\":{\"@id\":\"https:\/\/iuristecnicproperty.com\/es\/#organization\"},\"potentialAction\":[{\"@type\":\"SearchAction\",\"target\":{\"@type\":\"EntryPoint\",\"urlTemplate\":\"https:\/\/iuristecnicproperty.com\/es\/?s={search_term_string}\"},\"query-input\":{\"@type\":\"PropertyValueSpecification\",\"valueRequired\":true,\"valueName\":\"search_term_string\"}}],\"inLanguage\":\"es\"},{\"@type\":\"Organization\",\"@id\":\"https:\/\/iuristecnicproperty.com\/es\/#organization\",\"name\":\"Iuristecnic Property\",\"url\":\"https:\/\/iuristecnicproperty.com\/es\/\",\"logo\":{\"@type\":\"ImageObject\",\"inLanguage\":\"es\",\"@id\":\"https:\/\/iuristecnicproperty.com\/es\/#\/schema\/logo\/image\/\",\"url\":\"https:\/\/iuristecnicproperty.com\/wp-content\/uploads\/2025\/08\/Recurso-1.webp\",\"contentUrl\":\"https:\/\/iuristecnicproperty.com\/wp-content\/uploads\/2025\/08\/Recurso-1.webp\",\"width\":172,\"height\":62,\"caption\":\"Iuristecnic Property\"},\"image\":{\"@id\":\"https:\/\/iuristecnicproperty.com\/es\/#\/schema\/logo\/image\/\"}}]}<\/script>\n<!-- \/ Yoast SEO plugin. -->","yoast_head_json":{"title":"Alquiler inmuebles Girona - Iuristecnic Property","description":"Encuentra tu espacio ideal con el servicio de alquiler de inmuebles en Girona de Iuris Tecnic Property. Personalizaci\u00f3n, confianza y proximidad.","robots":{"index":"index","follow":"follow","max-snippet":"max-snippet:-1","max-image-preview":"max-image-preview:large","max-video-preview":"max-video-preview:-1"},"canonical":"https:\/\/iuristecnicproperty.com\/es\/alquiler-de-inmuebles\/","og_locale":"es_ES","og_type":"article","og_title":"Alquiler inmuebles Girona - Iuristecnic Property","og_description":"Encuentra tu espacio ideal con el servicio de alquiler de inmuebles en Girona de Iuris Tecnic Property. Personalizaci\u00f3n, confianza y proximidad.","og_url":"https:\/\/iuristecnicproperty.com\/es\/alquiler-de-inmuebles\/","og_site_name":"Iuristecnic Property","article_modified_time":"2025-08-28T08:53:55+00:00","og_image":[{"width":2000,"height":1334,"url":"https:\/\/iuristecnicproperty.com\/wp-content\/uploads\/2025\/08\/agente-inmobiliario-masculino-haciendo-negocios-y-mostrando-la-casa-una-posible-pareja-compradora.webp","type":"image\/webp"}],"twitter_card":"summary_large_image","schema":{"@context":"https:\/\/schema.org","@graph":[{"@type":"WebPage","@id":"https:\/\/iuristecnicproperty.com\/es\/alquiler-de-inmuebles\/","url":"https:\/\/iuristecnicproperty.com\/es\/alquiler-de-inmuebles\/","name":"Alquiler inmuebles Girona - Iuristecnic Property","isPartOf":{"@id":"https:\/\/iuristecnicproperty.com\/es\/#website"},"primaryImageOfPage":{"@id":"https:\/\/iuristecnicproperty.com\/es\/alquiler-de-inmuebles\/#primaryimage"},"image":{"@id":"https:\/\/iuristecnicproperty.com\/es\/alquiler-de-inmuebles\/#primaryimage"},"thumbnailUrl":"https:\/\/iuristecnicproperty.com\/wp-content\/uploads\/2025\/08\/agente-inmobiliario-masculino-haciendo-negocios-y-mostrando-la-casa-una-posible-pareja-compradora.webp","datePublished":"2025-08-18T10:57:08+00:00","dateModified":"2025-08-28T08:53:55+00:00","description":"Encuentra tu espacio ideal con el servicio de alquiler de inmuebles en Girona de Iuris Tecnic Property. Personalizaci\u00f3n, confianza y proximidad.","breadcrumb":{"@id":"https:\/\/iuristecnicproperty.com\/es\/alquiler-de-inmuebles\/#breadcrumb"},"inLanguage":"es","potentialAction":[{"@type":"ReadAction","target":["https:\/\/iuristecnicproperty.com\/es\/alquiler-de-inmuebles\/"]}]},{"@type":"ImageObject","inLanguage":"es","@id":"https:\/\/iuristecnicproperty.com\/es\/alquiler-de-inmuebles\/#primaryimage","url":"https:\/\/iuristecnicproperty.com\/wp-content\/uploads\/2025\/08\/agente-inmobiliario-masculino-haciendo-negocios-y-mostrando-la-casa-una-posible-pareja-compradora.webp","contentUrl":"https:\/\/iuristecnicproperty.com\/wp-content\/uploads\/2025\/08\/agente-inmobiliario-masculino-haciendo-negocios-y-mostrando-la-casa-una-posible-pareja-compradora.webp","width":2000,"height":1334},{"@type":"BreadcrumbList","@id":"https:\/\/iuristecnicproperty.com\/es\/alquiler-de-inmuebles\/#breadcrumb","itemListElement":[{"@type":"ListItem","position":1,"name":"Inici","item":"https:\/\/iuristecnicproperty.com\/es\/inicio\/"},{"@type":"ListItem","position":2,"name":"Alquiler de inmuebles"}]},{"@type":"WebSite","@id":"https:\/\/iuristecnicproperty.com\/es\/#website","url":"https:\/\/iuristecnicproperty.com\/es\/","name":"Iuristecnic Property","description":"Gesti\u00f3 de bens immobles","publisher":{"@id":"https:\/\/iuristecnicproperty.com\/es\/#organization"},"potentialAction":[{"@type":"SearchAction","target":{"@type":"EntryPoint","urlTemplate":"https:\/\/iuristecnicproperty.com\/es\/?s={search_term_string}"},"query-input":{"@type":"PropertyValueSpecification","valueRequired":true,"valueName":"search_term_string"}}],"inLanguage":"es"},{"@type":"Organization","@id":"https:\/\/iuristecnicproperty.com\/es\/#organization","name":"Iuristecnic Property","url":"https:\/\/iuristecnicproperty.com\/es\/","logo":{"@type":"ImageObject","inLanguage":"es","@id":"https:\/\/iuristecnicproperty.com\/es\/#\/schema\/logo\/image\/","url":"https:\/\/iuristecnicproperty.com\/wp-content\/uploads\/2025\/08\/Recurso-1.webp","contentUrl":"https:\/\/iuristecnicproperty.com\/wp-content\/uploads\/2025\/08\/Recurso-1.webp","width":172,"height":62,"caption":"Iuristecnic Property"},"image":{"@id":"https:\/\/iuristecnicproperty.com\/es\/#\/schema\/logo\/image\/"}}]}},"_links":{"self":[{"href":"https:\/\/iuristecnicproperty.com\/es\/wp-json\/wp\/v2\/pages\/497","targetHints":{"allow":["GET"]}}],"collection":[{"href":"https:\/\/iuristecnicproperty.com\/es\/wp-json\/wp\/v2\/pages"}],"about":[{"href":"https:\/\/iuristecnicproperty.com\/es\/wp-json\/wp\/v2\/types\/page"}],"author":[{"embeddable":true,"href":"https:\/\/iuristecnicproperty.com\/es\/wp-json\/wp\/v2\/users\/1"}],"replies":[{"embeddable":true,"href":"https:\/\/iuristecnicproperty.com\/es\/wp-json\/wp\/v2\/comments?post=497"}],"version-history":[{"count":4,"href":"https:\/\/iuristecnicproperty.com\/es\/wp-json\/wp\/v2\/pages\/497\/revisions"}],"predecessor-version":[{"id":580,"href":"https:\/\/iuristecnicproperty.com\/es\/wp-json\/wp\/v2\/pages\/497\/revisions\/580"}],"wp:featuredmedia":[{"embeddable":true,"href":"https:\/\/iuristecnicproperty.com\/es\/wp-json\/wp\/v2\/media\/240"}],"wp:attachment":[{"href":"https:\/\/iuristecnicproperty.com\/es\/wp-json\/wp\/v2\/media?parent=497"}],"curies":[{"name":"wp","href":"https:\/\/api.w.org\/{rel}","templated":true}]}}