{"id":501,"date":"2025-08-18T12:57:16","date_gmt":"2025-08-18T10:57:16","guid":{"rendered":"https:\/\/iuristecnicproperty.com\/consultoria\/"},"modified":"2025-08-28T10:34:32","modified_gmt":"2025-08-28T08:34:32","slug":"consultoria","status":"publish","type":"page","link":"https:\/\/iuristecnicproperty.com\/es\/consultoria\/","title":{"rendered":"Consultor\u00eda"},"content":{"rendered":"\t\t<div data-elementor-type=\"wp-page\" data-elementor-id=\"501\" class=\"elementor elementor-501 elementor-43\" data-elementor-post-type=\"page\">\n\t\t\t\t<div class=\"elementor-element elementor-element-355175f4 e-con-full e-flex e-con e-parent\" data-id=\"355175f4\" data-element_type=\"container\" data-e-type=\"container\" data-settings=\"{&quot;background_background&quot;:&quot;gradient&quot;}\">\n\t\t\t\t<div class=\"elementor-element elementor-element-1ca01bcc elementor-invisible elementor-widget elementor-widget-heading\" data-id=\"1ca01bcc\" data-element_type=\"widget\" data-e-type=\"widget\" data-settings=\"{&quot;_animation&quot;:&quot;fadeInUp&quot;,&quot;_animation_delay&quot;:600}\" data-widget_type=\"heading.default\">\n\t\t\t\t\t<h1 class=\"elementor-heading-title elementor-size-default\">Consultor\u00eda<\/h1>\t\t\t\t<\/div>\n\t\t\t\t<\/div>\n\t\t<div class=\"elementor-element elementor-element-32355f3b e-flex e-con-boxed e-con e-parent\" data-id=\"32355f3b\" data-element_type=\"container\" data-e-type=\"container\" data-settings=\"{&quot;background_background&quot;:&quot;classic&quot;}\">\n\t\t\t\t\t<div class=\"e-con-inner\">\n\t\t\t\t\t<\/div>\n\t\t\t\t<\/div>\n\t\t<div class=\"elementor-element elementor-element-67c3634a e-con-full e-flex e-con e-parent\" data-id=\"67c3634a\" data-element_type=\"container\" data-e-type=\"container\" data-settings=\"{&quot;background_background&quot;:&quot;classic&quot;}\">\n\t\t<div class=\"elementor-element elementor-element-783d3670 e-con-full e-flex e-con e-child\" data-id=\"783d3670\" data-element_type=\"container\" data-e-type=\"container\" data-settings=\"{&quot;background_background&quot;:&quot;classic&quot;}\">\n\t\t\t\t<\/div>\n\t\t<div class=\"elementor-element elementor-element-e2899fa e-con-full e-flex e-con e-child\" data-id=\"e2899fa\" data-element_type=\"container\" data-e-type=\"container\">\n\t\t\t\t<div class=\"elementor-element elementor-element-5d1f847 animated-slow elementor-invisible elementor-widget elementor-widget-heading\" data-id=\"5d1f847\" data-element_type=\"widget\" data-e-type=\"widget\" data-settings=\"{&quot;_animation&quot;:&quot;fadeInUp&quot;,&quot;_animation_delay&quot;:200}\" data-widget_type=\"heading.default\">\n\t\t\t\t\t<h2 class=\"elementor-heading-title elementor-size-default\">Asesoramiento inmobiliario integral\n<\/h2>\t\t\t\t<\/div>\n\t\t\t\t<div class=\"elementor-element elementor-element-8823ba4 elementor-widget elementor-widget-text-editor\" data-id=\"8823ba4\" data-element_type=\"widget\" data-e-type=\"widget\" data-widget_type=\"text-editor.default\">\n\t\t\t\t\t\t\t\t\t<p data-start=\"183\" data-end=\"528\">En <strong data-start=\"185\" data-end=\"201\">Iuris Tecnic<\/strong> te ofrecemos un servicio de consultor\u00eda especializado, pensado para ayudarte a gestionar y proteger tu patrimonio inmobiliario con criterio profesional y visi\u00f3n a largo plazo. Tanto si eres un propietario individual como si representas a una entidad con activos inmobiliarios, te acompa\u00f1amos con asesoramiento jur\u00eddico y t\u00e9cnico de confianza.<\/p><p data-start=\"530\" data-end=\"734\">Analizamos cada situaci\u00f3n con datos de mercado actualizados, identificamos oportunidades de mejora o rentabilizaci\u00f3n y te ayudamos a planificar tus decisiones con seguridad jur\u00eddica y estrategia econ\u00f3mica.<\/p><p data-start=\"736\" data-end=\"932\">Nuestra experiencia combinada en el \u00e1mbito legal, t\u00e9cnico y patrimonial nos permite ofrecer soluciones personalizadas, adaptadas a cada realidad y enfocadas a generar valor y estabilidad en el tiempo.<\/p>\t\t\t\t\t\t\t\t<\/div>\n\t\t\t\t<\/div>\n\t\t\t\t<\/div>\n\t\t<div class=\"elementor-element elementor-element-0ab85ac e-con-full e-flex e-con e-parent\" data-id=\"0ab85ac\" data-element_type=\"container\" data-e-type=\"container\" data-settings=\"{&quot;background_background&quot;:&quot;classic&quot;}\">\n\t\t<div class=\"elementor-element elementor-element-aa1c078 e-con-full e-flex e-con e-child\" data-id=\"aa1c078\" data-element_type=\"container\" data-e-type=\"container\" data-settings=\"{&quot;background_background&quot;:&quot;classic&quot;}\">\n\t\t\t\t<\/div>\n\t\t<div class=\"elementor-element elementor-element-db6336f e-con-full e-flex e-con e-child\" data-id=\"db6336f\" data-element_type=\"container\" data-e-type=\"container\">\n\t\t\t\t<div class=\"elementor-element elementor-element-6ca2a9e elementor-widget elementor-widget-jet-listing-grid\" data-id=\"6ca2a9e\" data-element_type=\"widget\" data-e-type=\"widget\" data-settings=\"{&quot;columns&quot;:&quot;1&quot;}\" data-widget_type=\"jet-listing-grid.default\">\n\t\t\t\t\t<div class=\"jet-listing-grid jet-listing\"><div class=\"jet-listing-grid__items grid-col-desk-1 grid-col-tablet-1 grid-col-mobile-1 jet-listing-grid--198 woocommerce\" data-queried-id=\"501|WP_Post\" data-nav=\"{&quot;enabled&quot;:false,&quot;type&quot;:null,&quot;more_el&quot;:null,&quot;query&quot;:[],&quot;widget_settings&quot;:{&quot;lisitng_id&quot;:198,&quot;posts_num&quot;:1,&quot;columns&quot;:1,&quot;columns_tablet&quot;:1,&quot;columns_mobile&quot;:1,&quot;column_min_width&quot;:240,&quot;column_min_width_tablet&quot;:240,&quot;column_min_width_mobile&quot;:240,&quot;inline_columns_css&quot;:false,&quot;is_archive_template&quot;:&quot;&quot;,&quot;post_status&quot;:[&quot;publish&quot;],&quot;use_random_posts_num&quot;:&quot;&quot;,&quot;max_posts_num&quot;:9,&quot;not_found_message&quot;:&quot;No se encontraron datos&quot;,&quot;is_masonry&quot;:false,&quot;equal_columns_height&quot;:&quot;&quot;,&quot;use_load_more&quot;:&quot;&quot;,&quot;load_more_id&quot;:&quot;&quot;,&quot;load_more_type&quot;:&quot;click&quot;,&quot;load_more_offset&quot;:{&quot;unit&quot;:&quot;px&quot;,&quot;size&quot;:0,&quot;sizes&quot;:[]},&quot;use_custom_post_types&quot;:&quot;&quot;,&quot;custom_post_types&quot;:[],&quot;hide_widget_if&quot;:&quot;&quot;,&quot;carousel_enabled&quot;:&quot;&quot;,&quot;slides_to_scroll&quot;:&quot;1&quot;,&quot;arrows&quot;:&quot;true&quot;,&quot;arrow_icon&quot;:&quot;fa fa-angle-left&quot;,&quot;dots&quot;:&quot;&quot;,&quot;autoplay&quot;:&quot;true&quot;,&quot;pause_on_hover&quot;:&quot;true&quot;,&quot;autoplay_speed&quot;:5000,&quot;infinite&quot;:&quot;true&quot;,&quot;center_mode&quot;:&quot;&quot;,&quot;effect&quot;:&quot;slide&quot;,&quot;speed&quot;:500,&quot;inject_alternative_items&quot;:&quot;&quot;,&quot;injection_items&quot;:[],&quot;scroll_slider_enabled&quot;:&quot;&quot;,&quot;scroll_slider_on&quot;:[&quot;desktop&quot;,&quot;tablet&quot;,&quot;mobile&quot;],&quot;custom_query&quot;:false,&quot;custom_query_id&quot;:&quot;&quot;,&quot;_element_id&quot;:&quot;&quot;,&quot;collapse_first_last_gap&quot;:false,&quot;list_tag_selection&quot;:&quot;&quot;,&quot;list_items_wrapper_tag&quot;:&quot;div&quot;,&quot;list_item_tag&quot;:&quot;div&quot;,&quot;empty_items_wrapper_tag&quot;:&quot;div&quot;}}\" data-page=\"1\" data-pages=\"1\" data-listing-source=\"posts\" data-listing-id=\"198\" data-query-id=\"\"><div class=\"jet-listing-grid__item jet-listing-dynamic-post-552\" data-post-id=\"552\"  ><style type=\"text\/css\">.jet-listing-dynamic-post-552 .elementor-element.elementor-element-9cc5ec6:not(.elementor-motion-effects-element-type-background), .jet-listing-dynamic-post-552 .elementor-element.elementor-element-9cc5ec6 > .elementor-motion-effects-container > .elementor-motion-effects-layer{background-image:url(\"https:\/\/iuristecnicproperty.com\/wp-content\/uploads\/2025\/08\/seccion-media-de-agente-de-bienes-raices-y-cliente-en-la-mesa.webp\");}<\/style>\t\t<div data-elementor-type=\"jet-listing-items\" data-elementor-id=\"198\" class=\"elementor elementor-198\" data-elementor-post-type=\"jet-engine\">\n\t\t\t\t<div class=\"elementor-element elementor-element-352346f e-con-full e-flex e-con e-parent\" data-id=\"352346f\" data-element_type=\"container\" data-e-type=\"container\" data-settings=\"{&quot;background_background&quot;:&quot;classic&quot;}\">\n\t\t<div class=\"elementor-element elementor-element-9cc5ec6 e-con-full e-flex e-con e-child\" data-id=\"9cc5ec6\" data-element_type=\"container\" data-e-type=\"container\" data-settings=\"{&quot;background_background&quot;:&quot;classic&quot;}\">\n\t\t\t\t<div class=\"elementor-element elementor-element-a5a37d7 elementor-widget elementor-widget-jet-listing-dynamic-image\" data-id=\"a5a37d7\" data-element_type=\"widget\" data-e-type=\"widget\" data-widget_type=\"jet-listing-dynamic-image.default\">\n\t\t\t\t\t<div class=\"jet-listing jet-listing-dynamic-image\" ><img fetchpriority=\"high\" decoding=\"async\" width=\"2000\" height=\"1125\" src=\"https:\/\/iuristecnicproperty.com\/wp-content\/uploads\/2025\/08\/seccion-media-de-agente-de-bienes-raices-y-cliente-en-la-mesa.webp\" class=\"jet-listing-dynamic-image__img attachment-full size-full\" alt=\"Servicio de consultor\u00eda\" loading=\"eager\" \/><\/div>\t\t\t\t<\/div>\n\t\t\t\t<\/div>\n\t\t<div class=\"elementor-element elementor-element-328b197 e-con-full e-flex e-con e-child\" data-id=\"328b197\" data-element_type=\"container\" data-e-type=\"container\">\n\t\t\t\t<div class=\"elementor-element elementor-element-1b93e25 elementor-invisible elementor-widget elementor-widget-jet-listing-dynamic-field\" data-id=\"1b93e25\" data-element_type=\"widget\" data-e-type=\"widget\" data-settings=\"{&quot;_animation&quot;:&quot;fadeIn&quot;}\" data-widget_type=\"jet-listing-dynamic-field.default\">\n\t\t\t\t\t<div class=\"jet-listing jet-listing-dynamic-field display-inline\"><div class=\"jet-listing-dynamic-field__inline-wrap\"><h4 class=\"jet-listing-dynamic-field__content\" >Servicio de consultor\u00eda<\/h4><\/div><\/div>\t\t\t\t<\/div>\n\t\t\t\t<div class=\"elementor-element elementor-element-97d285c elementor-widget elementor-widget-heading\" data-id=\"97d285c\" data-element_type=\"widget\" data-e-type=\"widget\" data-widget_type=\"heading.default\">\n\t\t\t\t\t<h2 class=\"elementor-heading-title elementor-size-default\"><span class=\"woocommerce-Price-amount amount\">1.500,00&nbsp;<span class=\"woocommerce-Price-currencySymbol\">&euro;<\/span><\/span><\/h2>\t\t\t\t<\/div>\n\t\t\t\t<div class=\"elementor-element elementor-element-d5954d6 elementor-align-left elementor-invisible elementor-widget elementor-widget-button\" data-id=\"d5954d6\" data-element_type=\"widget\" data-e-type=\"widget\" data-settings=\"{&quot;_animation&quot;:&quot;fadeIn&quot;,&quot;_animation_delay&quot;:500}\" data-widget_type=\"button.default\">\n\t\t\t\t\t\t\t\t\t\t<a class=\"elementor-button elementor-button-link elementor-size-sm\" href=\"https:\/\/iuristecnicproperty.com\/es\/producte\/servicio-de-consultoria\/\">\n\t\t\t\t\t\t<span class=\"elementor-button-content-wrapper\">\n\t\t\t\t\t\t\t\t\t<span class=\"elementor-button-text\">Veure'n m\u00e9s<\/span>\n\t\t\t\t\t<\/span>\n\t\t\t\t\t<\/a>\n\t\t\t\t\t\t\t\t<\/div>\n\t\t\t\t<\/div>\n\t\t\t\t<\/div>\n\t\t\t\t<\/div>\n\t\t<\/div><\/div><\/div>\t\t\t\t<\/div>\n\t\t\t\t<\/div>\n\t\t<div class=\"elementor-element elementor-element-69269be e-con-full e-flex e-con e-child\" data-id=\"69269be\" data-element_type=\"container\" data-e-type=\"container\" data-settings=\"{&quot;background_background&quot;:&quot;classic&quot;}\">\n\t\t\t\t<\/div>\n\t\t\t\t<\/div>\n\t\t<div class=\"elementor-element elementor-element-4ab36c2 e-flex e-con-boxed e-con e-parent\" data-id=\"4ab36c2\" data-element_type=\"container\" data-e-type=\"container\" data-settings=\"{&quot;background_background&quot;:&quot;gradient&quot;}\">\n\t\t\t\t\t<div class=\"e-con-inner\">\n\t\t\t\t<div class=\"elementor-element elementor-element-2a2be20 elementor-invisible elementor-widget elementor-widget-heading\" data-id=\"2a2be20\" data-element_type=\"widget\" data-e-type=\"widget\" data-settings=\"{&quot;_animation&quot;:&quot;fadeInDown&quot;,&quot;_animation_delay&quot;:600}\" data-widget_type=\"heading.default\">\n\t\t\t\t\t<h2 class=\"elementor-heading-title elementor-size-default\">\u00bfAlguna consulta?<br>Contacta con nosotros<\/h2>\t\t\t\t<\/div>\n\t\t\t\t<div class=\"elementor-element elementor-element-8ed09a8 elementor-align-center elementor-invisible elementor-widget elementor-widget-button\" data-id=\"8ed09a8\" data-element_type=\"widget\" data-e-type=\"widget\" data-settings=\"{&quot;_animation&quot;:&quot;fadeIn&quot;,&quot;_animation_delay&quot;:500}\" data-widget_type=\"button.default\">\n\t\t\t\t\t\t\t\t\t\t<a class=\"elementor-button elementor-button-link elementor-size-sm\" href=\"https:\/\/iuristecnicproperty.com\/es\/contacto\/\">\n\t\t\t\t\t\t<span class=\"elementor-button-content-wrapper\">\n\t\t\t\t\t\t\t\t\t<span class=\"elementor-button-text\">Contacto<\/span>\n\t\t\t\t\t<\/span>\n\t\t\t\t\t<\/a>\n\t\t\t\t\t\t\t\t<\/div>\n\t\t\t\t\t<\/div>\n\t\t\t\t<\/div>\n\t\t\t\t<\/div>\n\t\t","protected":false},"excerpt":{"rendered":"<p>Consultor\u00eda Asesoramiento inmobiliario integral En Iuris Tecnic te ofrecemos un servicio de consultor\u00eda especializado, pensado para ayudarte a gestionar y proteger tu patrimonio inmobiliario con criterio profesional y visi\u00f3n a largo plazo. Tanto si eres un propietario individual como si representas a una entidad con activos inmobiliarios, te acompa\u00f1amos con asesoramiento jur\u00eddico y t\u00e9cnico de [&hellip;]<\/p>\n","protected":false},"author":1,"featured_media":76,"parent":0,"menu_order":0,"comment_status":"closed","ping_status":"closed","template":"","meta":{"footnotes":""},"class_list":["post-501","page","type-page","status-publish","has-post-thumbnail","hentry"],"yoast_head":"<!-- This site is optimized with the Yoast SEO plugin v26.9 - https:\/\/yoast.com\/product\/yoast-seo-wordpress\/ -->\n<title>Consultor\u00eda inmobiliaria en Girona - Iuristecnic Property<\/title>\n<meta name=\"description\" content=\"Soluciones de consultor\u00eda inmobiliaria en Girona con asesoramiento jur\u00eddico y t\u00e9cnico personalizado. Protege y rentabiliza tu patrimonio.\" \/>\n<meta name=\"robots\" content=\"index, follow, max-snippet:-1, max-image-preview:large, max-video-preview:-1\" \/>\n<link rel=\"canonical\" href=\"https:\/\/iuristecnicproperty.com\/es\/consultoria\/\" \/>\n<meta property=\"og:locale\" content=\"es_ES\" \/>\n<meta property=\"og:type\" content=\"article\" \/>\n<meta property=\"og:title\" content=\"Consultor\u00eda inmobiliaria en Girona - Iuristecnic Property\" \/>\n<meta property=\"og:description\" content=\"Soluciones de consultor\u00eda inmobiliaria en Girona con asesoramiento jur\u00eddico y t\u00e9cnico personalizado. Protege y rentabiliza tu patrimonio.\" \/>\n<meta property=\"og:url\" content=\"https:\/\/iuristecnicproperty.com\/es\/consultoria\/\" \/>\n<meta property=\"og:site_name\" content=\"Iuristecnic Property\" \/>\n<meta property=\"article:modified_time\" content=\"2025-08-28T08:34:32+00:00\" \/>\n<meta property=\"og:image\" content=\"https:\/\/iuristecnicproperty.com\/wp-content\/uploads\/2025\/08\/4f238c4afb24a7f7c18b282f6bd0c09779216f9c.png\" \/>\n\t<meta property=\"og:image:width\" content=\"1400\" \/>\n\t<meta property=\"og:image:height\" content=\"2100\" \/>\n\t<meta property=\"og:image:type\" content=\"image\/png\" \/>\n<meta name=\"twitter:card\" content=\"summary_large_image\" \/>\n<meta name=\"twitter:label1\" content=\"Tiempo de lectura\" \/>\n\t<meta name=\"twitter:data1\" content=\"1 minuto\" \/>\n<script type=\"application\/ld+json\" class=\"yoast-schema-graph\">{\"@context\":\"https:\/\/schema.org\",\"@graph\":[{\"@type\":\"WebPage\",\"@id\":\"https:\/\/iuristecnicproperty.com\/es\/consultoria\/\",\"url\":\"https:\/\/iuristecnicproperty.com\/es\/consultoria\/\",\"name\":\"Consultor\u00eda inmobiliaria en Girona - Iuristecnic Property\",\"isPartOf\":{\"@id\":\"https:\/\/iuristecnicproperty.com\/es\/#website\"},\"primaryImageOfPage\":{\"@id\":\"https:\/\/iuristecnicproperty.com\/es\/consultoria\/#primaryimage\"},\"image\":{\"@id\":\"https:\/\/iuristecnicproperty.com\/es\/consultoria\/#primaryimage\"},\"thumbnailUrl\":\"https:\/\/iuristecnicproperty.com\/wp-content\/uploads\/2025\/08\/4f238c4afb24a7f7c18b282f6bd0c09779216f9c.png\",\"datePublished\":\"2025-08-18T10:57:16+00:00\",\"dateModified\":\"2025-08-28T08:34:32+00:00\",\"description\":\"Soluciones de consultor\u00eda inmobiliaria en Girona con asesoramiento jur\u00eddico y t\u00e9cnico personalizado. Protege y rentabiliza tu patrimonio.\",\"breadcrumb\":{\"@id\":\"https:\/\/iuristecnicproperty.com\/es\/consultoria\/#breadcrumb\"},\"inLanguage\":\"es\",\"potentialAction\":[{\"@type\":\"ReadAction\",\"target\":[\"https:\/\/iuristecnicproperty.com\/es\/consultoria\/\"]}]},{\"@type\":\"ImageObject\",\"inLanguage\":\"es\",\"@id\":\"https:\/\/iuristecnicproperty.com\/es\/consultoria\/#primaryimage\",\"url\":\"https:\/\/iuristecnicproperty.com\/wp-content\/uploads\/2025\/08\/4f238c4afb24a7f7c18b282f6bd0c09779216f9c.png\",\"contentUrl\":\"https:\/\/iuristecnicproperty.com\/wp-content\/uploads\/2025\/08\/4f238c4afb24a7f7c18b282f6bd0c09779216f9c.png\",\"width\":1400,\"height\":2100,\"caption\":\"Edifici davant d'un parc\"},{\"@type\":\"BreadcrumbList\",\"@id\":\"https:\/\/iuristecnicproperty.com\/es\/consultoria\/#breadcrumb\",\"itemListElement\":[{\"@type\":\"ListItem\",\"position\":1,\"name\":\"Inici\",\"item\":\"https:\/\/iuristecnicproperty.com\/es\/inicio\/\"},{\"@type\":\"ListItem\",\"position\":2,\"name\":\"Consultor\u00eda\"}]},{\"@type\":\"WebSite\",\"@id\":\"https:\/\/iuristecnicproperty.com\/es\/#website\",\"url\":\"https:\/\/iuristecnicproperty.com\/es\/\",\"name\":\"Iuristecnic Property\",\"description\":\"Gesti\u00f3 de bens immobles\",\"publisher\":{\"@id\":\"https:\/\/iuristecnicproperty.com\/es\/#organization\"},\"potentialAction\":[{\"@type\":\"SearchAction\",\"target\":{\"@type\":\"EntryPoint\",\"urlTemplate\":\"https:\/\/iuristecnicproperty.com\/es\/?s={search_term_string}\"},\"query-input\":{\"@type\":\"PropertyValueSpecification\",\"valueRequired\":true,\"valueName\":\"search_term_string\"}}],\"inLanguage\":\"es\"},{\"@type\":\"Organization\",\"@id\":\"https:\/\/iuristecnicproperty.com\/es\/#organization\",\"name\":\"Iuristecnic Property\",\"url\":\"https:\/\/iuristecnicproperty.com\/es\/\",\"logo\":{\"@type\":\"ImageObject\",\"inLanguage\":\"es\",\"@id\":\"https:\/\/iuristecnicproperty.com\/es\/#\/schema\/logo\/image\/\",\"url\":\"https:\/\/iuristecnicproperty.com\/wp-content\/uploads\/2025\/08\/Recurso-1.webp\",\"contentUrl\":\"https:\/\/iuristecnicproperty.com\/wp-content\/uploads\/2025\/08\/Recurso-1.webp\",\"width\":172,\"height\":62,\"caption\":\"Iuristecnic Property\"},\"image\":{\"@id\":\"https:\/\/iuristecnicproperty.com\/es\/#\/schema\/logo\/image\/\"}}]}<\/script>\n<!-- \/ Yoast SEO plugin. -->","yoast_head_json":{"title":"Consultor\u00eda inmobiliaria en Girona - Iuristecnic Property","description":"Soluciones de consultor\u00eda inmobiliaria en Girona con asesoramiento jur\u00eddico y t\u00e9cnico personalizado. Protege y rentabiliza tu patrimonio.","robots":{"index":"index","follow":"follow","max-snippet":"max-snippet:-1","max-image-preview":"max-image-preview:large","max-video-preview":"max-video-preview:-1"},"canonical":"https:\/\/iuristecnicproperty.com\/es\/consultoria\/","og_locale":"es_ES","og_type":"article","og_title":"Consultor\u00eda inmobiliaria en Girona - Iuristecnic Property","og_description":"Soluciones de consultor\u00eda inmobiliaria en Girona con asesoramiento jur\u00eddico y t\u00e9cnico personalizado. Protege y rentabiliza tu patrimonio.","og_url":"https:\/\/iuristecnicproperty.com\/es\/consultoria\/","og_site_name":"Iuristecnic Property","article_modified_time":"2025-08-28T08:34:32+00:00","og_image":[{"width":1400,"height":2100,"url":"https:\/\/iuristecnicproperty.com\/wp-content\/uploads\/2025\/08\/4f238c4afb24a7f7c18b282f6bd0c09779216f9c.png","type":"image\/png"}],"twitter_card":"summary_large_image","twitter_misc":{"Tiempo de lectura":"1 minuto"},"schema":{"@context":"https:\/\/schema.org","@graph":[{"@type":"WebPage","@id":"https:\/\/iuristecnicproperty.com\/es\/consultoria\/","url":"https:\/\/iuristecnicproperty.com\/es\/consultoria\/","name":"Consultor\u00eda inmobiliaria en Girona - Iuristecnic Property","isPartOf":{"@id":"https:\/\/iuristecnicproperty.com\/es\/#website"},"primaryImageOfPage":{"@id":"https:\/\/iuristecnicproperty.com\/es\/consultoria\/#primaryimage"},"image":{"@id":"https:\/\/iuristecnicproperty.com\/es\/consultoria\/#primaryimage"},"thumbnailUrl":"https:\/\/iuristecnicproperty.com\/wp-content\/uploads\/2025\/08\/4f238c4afb24a7f7c18b282f6bd0c09779216f9c.png","datePublished":"2025-08-18T10:57:16+00:00","dateModified":"2025-08-28T08:34:32+00:00","description":"Soluciones de consultor\u00eda inmobiliaria en Girona con asesoramiento jur\u00eddico y t\u00e9cnico personalizado. Protege y rentabiliza tu patrimonio.","breadcrumb":{"@id":"https:\/\/iuristecnicproperty.com\/es\/consultoria\/#breadcrumb"},"inLanguage":"es","potentialAction":[{"@type":"ReadAction","target":["https:\/\/iuristecnicproperty.com\/es\/consultoria\/"]}]},{"@type":"ImageObject","inLanguage":"es","@id":"https:\/\/iuristecnicproperty.com\/es\/consultoria\/#primaryimage","url":"https:\/\/iuristecnicproperty.com\/wp-content\/uploads\/2025\/08\/4f238c4afb24a7f7c18b282f6bd0c09779216f9c.png","contentUrl":"https:\/\/iuristecnicproperty.com\/wp-content\/uploads\/2025\/08\/4f238c4afb24a7f7c18b282f6bd0c09779216f9c.png","width":1400,"height":2100,"caption":"Edifici davant d'un parc"},{"@type":"BreadcrumbList","@id":"https:\/\/iuristecnicproperty.com\/es\/consultoria\/#breadcrumb","itemListElement":[{"@type":"ListItem","position":1,"name":"Inici","item":"https:\/\/iuristecnicproperty.com\/es\/inicio\/"},{"@type":"ListItem","position":2,"name":"Consultor\u00eda"}]},{"@type":"WebSite","@id":"https:\/\/iuristecnicproperty.com\/es\/#website","url":"https:\/\/iuristecnicproperty.com\/es\/","name":"Iuristecnic Property","description":"Gesti\u00f3 de bens immobles","publisher":{"@id":"https:\/\/iuristecnicproperty.com\/es\/#organization"},"potentialAction":[{"@type":"SearchAction","target":{"@type":"EntryPoint","urlTemplate":"https:\/\/iuristecnicproperty.com\/es\/?s={search_term_string}"},"query-input":{"@type":"PropertyValueSpecification","valueRequired":true,"valueName":"search_term_string"}}],"inLanguage":"es"},{"@type":"Organization","@id":"https:\/\/iuristecnicproperty.com\/es\/#organization","name":"Iuristecnic Property","url":"https:\/\/iuristecnicproperty.com\/es\/","logo":{"@type":"ImageObject","inLanguage":"es","@id":"https:\/\/iuristecnicproperty.com\/es\/#\/schema\/logo\/image\/","url":"https:\/\/iuristecnicproperty.com\/wp-content\/uploads\/2025\/08\/Recurso-1.webp","contentUrl":"https:\/\/iuristecnicproperty.com\/wp-content\/uploads\/2025\/08\/Recurso-1.webp","width":172,"height":62,"caption":"Iuristecnic Property"},"image":{"@id":"https:\/\/iuristecnicproperty.com\/es\/#\/schema\/logo\/image\/"}}]}},"_links":{"self":[{"href":"https:\/\/iuristecnicproperty.com\/es\/wp-json\/wp\/v2\/pages\/501","targetHints":{"allow":["GET"]}}],"collection":[{"href":"https:\/\/iuristecnicproperty.com\/es\/wp-json\/wp\/v2\/pages"}],"about":[{"href":"https:\/\/iuristecnicproperty.com\/es\/wp-json\/wp\/v2\/types\/page"}],"author":[{"embeddable":true,"href":"https:\/\/iuristecnicproperty.com\/es\/wp-json\/wp\/v2\/users\/1"}],"replies":[{"embeddable":true,"href":"https:\/\/iuristecnicproperty.com\/es\/wp-json\/wp\/v2\/comments?post=501"}],"version-history":[{"count":4,"href":"https:\/\/iuristecnicproperty.com\/es\/wp-json\/wp\/v2\/pages\/501\/revisions"}],"predecessor-version":[{"id":577,"href":"https:\/\/iuristecnicproperty.com\/es\/wp-json\/wp\/v2\/pages\/501\/revisions\/577"}],"wp:featuredmedia":[{"embeddable":true,"href":"https:\/\/iuristecnicproperty.com\/es\/wp-json\/wp\/v2\/media\/76"}],"wp:attachment":[{"href":"https:\/\/iuristecnicproperty.com\/es\/wp-json\/wp\/v2\/media?parent=501"}],"curies":[{"name":"wp","href":"https:\/\/api.w.org\/{rel}","templated":true}]}}