{"id":505,"date":"2025-08-18T12:57:52","date_gmt":"2025-08-18T10:57:52","guid":{"rendered":"https:\/\/iuristecnicproperty.com\/sobre-nosotros\/"},"modified":"2025-08-28T10:59:52","modified_gmt":"2025-08-28T08:59:52","slug":"sobre-nosotros","status":"publish","type":"page","link":"https:\/\/iuristecnicproperty.com\/es\/sobre-nosotros\/","title":{"rendered":"Sobre nosotros"},"content":{"rendered":"\t\t<div data-elementor-type=\"wp-page\" data-elementor-id=\"505\" class=\"elementor elementor-505 elementor-45\" data-elementor-post-type=\"page\">\n\t\t\t\t<div class=\"elementor-element elementor-element-03435e0 e-con-full e-flex e-con e-parent\" data-id=\"03435e0\" data-element_type=\"container\" data-e-type=\"container\" data-settings=\"{&quot;background_background&quot;:&quot;gradient&quot;}\">\n\t\t\t\t<div class=\"elementor-element elementor-element-62c5596 elementor-invisible elementor-widget elementor-widget-heading\" data-id=\"62c5596\" data-element_type=\"widget\" data-e-type=\"widget\" data-settings=\"{&quot;_animation&quot;:&quot;fadeInUp&quot;,&quot;_animation_delay&quot;:600}\" data-widget_type=\"heading.default\">\n\t\t\t\t\t<h2 class=\"elementor-heading-title elementor-size-default\">Sobre nosotros<\/h2>\t\t\t\t<\/div>\n\t\t\t\t<\/div>\n\t\t<div class=\"elementor-element elementor-element-9198263 e-con-full e-flex e-con e-parent\" data-id=\"9198263\" data-element_type=\"container\" data-e-type=\"container\">\n\t\t<div class=\"elementor-element elementor-element-882d702 e-con-full e-flex e-con e-child\" data-id=\"882d702\" data-element_type=\"container\" data-e-type=\"container\" data-settings=\"{&quot;background_background&quot;:&quot;classic&quot;}\">\n\t\t\t\t<\/div>\n\t\t<div class=\"elementor-element elementor-element-2630367 e-con-full e-flex elementor-invisible e-con e-child\" data-id=\"2630367\" data-element_type=\"container\" data-e-type=\"container\" data-settings=\"{&quot;animation&quot;:&quot;fadeIn&quot;,&quot;animation_delay&quot;:600}\">\n\t\t\t\t<div class=\"elementor-element elementor-element-d0cbb72 animated-slow elementor-invisible elementor-widget elementor-widget-heading\" data-id=\"d0cbb72\" data-element_type=\"widget\" data-e-type=\"widget\" data-settings=\"{&quot;_animation&quot;:&quot;fadeInUp&quot;,&quot;_animation_delay&quot;:200}\" data-widget_type=\"heading.default\">\n\t\t\t\t\t<h2 class=\"elementor-heading-title elementor-size-default\">Expertos en gesti\u00f3n jur\u00eddica y t\u00e9cnica de viviendas\n<\/h2>\t\t\t\t<\/div>\n\t\t\t\t<div class=\"elementor-element elementor-element-60825b2 animated-slow elementor-invisible elementor-widget elementor-widget-text-editor\" data-id=\"60825b2\" data-element_type=\"widget\" data-e-type=\"widget\" data-settings=\"{&quot;_animation&quot;:&quot;fadeIn&quot;,&quot;_animation_delay&quot;:400}\" data-widget_type=\"text-editor.default\">\n\t\t\t\t\t\t\t\t\t<p>En Iuris T\u00e8cnic nos apasiona el mundo del derecho y la gesti\u00f3n t\u00e9cnica, y trabajamos con un prop\u00f3sito claro: hacerte la vida m\u00e1s f\u00e1cil. Somos una empresa especializada en asesoramiento jur\u00eddico, gesti\u00f3n documental y servicios t\u00e9cnicos para particulares, empresas y profesionales, con una forma de trabajar basada en el rigor, la proximidad y la confianza.<\/p><p>Creemos en un servicio personalizado, transparente y eficaz, capaz de adaptarse a tus necesidades espec\u00edficas. Tanto si necesitas apoyo legal puntual como si buscas una gesti\u00f3n integral y continuada, en Iuris T\u00e8cnic estamos a tu lado para ofrecerte soluciones claras, seguras y eficientes.<\/p>\t\t\t\t\t\t\t\t<\/div>\n\t\t\t\t<div class=\"elementor-element elementor-element-7e2ac18 elementor-align-left elementor-invisible elementor-widget elementor-widget-button\" data-id=\"7e2ac18\" data-element_type=\"widget\" data-e-type=\"widget\" data-settings=\"{&quot;_animation&quot;:&quot;fadeIn&quot;,&quot;_animation_delay&quot;:500}\" data-widget_type=\"button.default\">\n\t\t\t\t\t\t\t\t\t\t<a class=\"elementor-button elementor-button-link elementor-size-sm\" href=\"https:\/\/iuristecnicproperty.com\/es\/contacto\/\">\n\t\t\t\t\t\t<span class=\"elementor-button-content-wrapper\">\n\t\t\t\t\t\t\t\t\t<span class=\"elementor-button-text\">Contacta con nosotros<\/span>\n\t\t\t\t\t<\/span>\n\t\t\t\t\t<\/a>\n\t\t\t\t\t\t\t\t<\/div>\n\t\t\t\t<\/div>\n\t\t\t\t<\/div>\n\t\t<div class=\"elementor-element elementor-element-4542bd5 e-flex e-con-boxed e-con e-parent\" data-id=\"4542bd5\" data-element_type=\"container\" data-e-type=\"container\" data-settings=\"{&quot;background_background&quot;:&quot;classic&quot;}\">\n\t\t\t\t\t<div class=\"e-con-inner\">\n\t\t\t\t<div class=\"elementor-element elementor-element-87928af elementor-widget__width-inherit animated-slow elementor-invisible elementor-widget elementor-widget-jet-listing-grid\" data-id=\"87928af\" data-element_type=\"widget\" data-e-type=\"widget\" data-settings=\"{&quot;columns&quot;:3,&quot;columns_tablet&quot;:&quot;2&quot;,&quot;columns_mobile&quot;:&quot;1&quot;,&quot;_animation&quot;:&quot;fadeIn&quot;,&quot;_animation_delay&quot;:600}\" data-widget_type=\"jet-listing-grid.default\">\n\t\t\t\t\t<div class=\"jet-listing-grid jet-listing\"><div class=\"jet-listing-grid__items grid-col-desk-3 grid-col-tablet-2 grid-col-mobile-1 jet-listing-grid--198 woocommerce\" data-queried-id=\"505|WP_Post\" data-nav=\"{&quot;enabled&quot;:false,&quot;type&quot;:null,&quot;more_el&quot;:null,&quot;query&quot;:[],&quot;widget_settings&quot;:{&quot;lisitng_id&quot;:198,&quot;posts_num&quot;:6,&quot;columns&quot;:3,&quot;columns_tablet&quot;:2,&quot;columns_mobile&quot;:1,&quot;column_min_width&quot;:240,&quot;column_min_width_tablet&quot;:240,&quot;column_min_width_mobile&quot;:240,&quot;inline_columns_css&quot;:false,&quot;is_archive_template&quot;:&quot;&quot;,&quot;post_status&quot;:[&quot;publish&quot;],&quot;use_random_posts_num&quot;:&quot;&quot;,&quot;max_posts_num&quot;:9,&quot;not_found_message&quot;:&quot;No se encontraron datos&quot;,&quot;is_masonry&quot;:false,&quot;equal_columns_height&quot;:&quot;&quot;,&quot;use_load_more&quot;:&quot;&quot;,&quot;load_more_id&quot;:&quot;&quot;,&quot;load_more_type&quot;:&quot;click&quot;,&quot;load_more_offset&quot;:{&quot;unit&quot;:&quot;px&quot;,&quot;size&quot;:0,&quot;sizes&quot;:[]},&quot;use_custom_post_types&quot;:&quot;&quot;,&quot;custom_post_types&quot;:[],&quot;hide_widget_if&quot;:&quot;&quot;,&quot;carousel_enabled&quot;:&quot;&quot;,&quot;slides_to_scroll&quot;:&quot;1&quot;,&quot;arrows&quot;:&quot;true&quot;,&quot;arrow_icon&quot;:&quot;fa fa-angle-left&quot;,&quot;dots&quot;:&quot;&quot;,&quot;autoplay&quot;:&quot;true&quot;,&quot;pause_on_hover&quot;:&quot;true&quot;,&quot;autoplay_speed&quot;:5000,&quot;infinite&quot;:&quot;true&quot;,&quot;center_mode&quot;:&quot;&quot;,&quot;effect&quot;:&quot;slide&quot;,&quot;speed&quot;:500,&quot;inject_alternative_items&quot;:&quot;&quot;,&quot;injection_items&quot;:[],&quot;scroll_slider_enabled&quot;:&quot;&quot;,&quot;scroll_slider_on&quot;:[&quot;desktop&quot;,&quot;tablet&quot;,&quot;mobile&quot;],&quot;custom_query&quot;:false,&quot;custom_query_id&quot;:&quot;&quot;,&quot;_element_id&quot;:&quot;&quot;,&quot;collapse_first_last_gap&quot;:false,&quot;list_tag_selection&quot;:&quot;&quot;,&quot;list_items_wrapper_tag&quot;:&quot;div&quot;,&quot;list_item_tag&quot;:&quot;div&quot;,&quot;empty_items_wrapper_tag&quot;:&quot;div&quot;}}\" data-page=\"1\" data-pages=\"1\" data-listing-source=\"posts\" data-listing-id=\"198\" data-query-id=\"\"><div class=\"jet-listing-grid__item jet-listing-dynamic-post-552\" data-post-id=\"552\"  ><style type=\"text\/css\">.jet-listing-dynamic-post-552 .elementor-element.elementor-element-9cc5ec6:not(.elementor-motion-effects-element-type-background), .jet-listing-dynamic-post-552 .elementor-element.elementor-element-9cc5ec6 > .elementor-motion-effects-container > .elementor-motion-effects-layer{background-image:url(\"https:\/\/iuristecnicproperty.com\/wp-content\/uploads\/2025\/08\/seccion-media-de-agente-de-bienes-raices-y-cliente-en-la-mesa.webp\");}<\/style>\t\t<div data-elementor-type=\"jet-listing-items\" data-elementor-id=\"198\" class=\"elementor elementor-198\" data-elementor-post-type=\"jet-engine\">\n\t\t\t\t<div class=\"elementor-element elementor-element-352346f e-con-full e-flex e-con e-parent\" data-id=\"352346f\" data-element_type=\"container\" data-e-type=\"container\" data-settings=\"{&quot;background_background&quot;:&quot;classic&quot;}\">\n\t\t<div class=\"elementor-element elementor-element-9cc5ec6 e-con-full e-flex e-con e-child\" data-id=\"9cc5ec6\" data-element_type=\"container\" data-e-type=\"container\" data-settings=\"{&quot;background_background&quot;:&quot;classic&quot;}\">\n\t\t\t\t<div class=\"elementor-element elementor-element-a5a37d7 elementor-widget elementor-widget-jet-listing-dynamic-image\" data-id=\"a5a37d7\" data-element_type=\"widget\" data-e-type=\"widget\" data-widget_type=\"jet-listing-dynamic-image.default\">\n\t\t\t\t\t<div class=\"jet-listing jet-listing-dynamic-image\" ><img fetchpriority=\"high\" decoding=\"async\" width=\"2000\" height=\"1125\" src=\"https:\/\/iuristecnicproperty.com\/wp-content\/uploads\/2025\/08\/seccion-media-de-agente-de-bienes-raices-y-cliente-en-la-mesa.webp\" class=\"jet-listing-dynamic-image__img attachment-full size-full\" alt=\"Servicio de consultor\u00eda\" loading=\"eager\" \/><\/div>\t\t\t\t<\/div>\n\t\t\t\t<\/div>\n\t\t<div class=\"elementor-element elementor-element-328b197 e-con-full e-flex e-con e-child\" data-id=\"328b197\" data-element_type=\"container\" data-e-type=\"container\">\n\t\t\t\t<div class=\"elementor-element elementor-element-1b93e25 elementor-invisible elementor-widget elementor-widget-jet-listing-dynamic-field\" data-id=\"1b93e25\" data-element_type=\"widget\" data-e-type=\"widget\" data-settings=\"{&quot;_animation&quot;:&quot;fadeIn&quot;}\" data-widget_type=\"jet-listing-dynamic-field.default\">\n\t\t\t\t\t<div class=\"jet-listing jet-listing-dynamic-field display-inline\"><div class=\"jet-listing-dynamic-field__inline-wrap\"><h4 class=\"jet-listing-dynamic-field__content\" >Servicio de consultor\u00eda<\/h4><\/div><\/div>\t\t\t\t<\/div>\n\t\t\t\t<div class=\"elementor-element elementor-element-97d285c elementor-widget elementor-widget-heading\" data-id=\"97d285c\" data-element_type=\"widget\" data-e-type=\"widget\" data-widget_type=\"heading.default\">\n\t\t\t\t\t<h2 class=\"elementor-heading-title elementor-size-default\"><span class=\"woocommerce-Price-amount amount\">1.500,00&nbsp;<span class=\"woocommerce-Price-currencySymbol\">&euro;<\/span><\/span><\/h2>\t\t\t\t<\/div>\n\t\t\t\t<div class=\"elementor-element elementor-element-d5954d6 elementor-align-left elementor-invisible elementor-widget elementor-widget-button\" data-id=\"d5954d6\" data-element_type=\"widget\" data-e-type=\"widget\" data-settings=\"{&quot;_animation&quot;:&quot;fadeIn&quot;,&quot;_animation_delay&quot;:500}\" data-widget_type=\"button.default\">\n\t\t\t\t\t\t\t\t\t\t<a class=\"elementor-button elementor-button-link elementor-size-sm\" href=\"https:\/\/iuristecnicproperty.com\/es\/producte\/servicio-de-consultoria\/\">\n\t\t\t\t\t\t<span class=\"elementor-button-content-wrapper\">\n\t\t\t\t\t\t\t\t\t<span class=\"elementor-button-text\">Veure'n m\u00e9s<\/span>\n\t\t\t\t\t<\/span>\n\t\t\t\t\t<\/a>\n\t\t\t\t\t\t\t\t<\/div>\n\t\t\t\t<\/div>\n\t\t\t\t<\/div>\n\t\t\t\t<\/div>\n\t\t<\/div><\/div><\/div>\t\t\t\t<\/div>\n\t\t\t\t\t<\/div>\n\t\t\t\t<\/div>\n\t\t<div class=\"elementor-element elementor-element-5e3c8dc e-flex e-con-boxed e-con e-parent\" data-id=\"5e3c8dc\" data-element_type=\"container\" data-e-type=\"container\" data-settings=\"{&quot;background_background&quot;:&quot;gradient&quot;}\">\n\t\t\t\t\t<div class=\"e-con-inner\">\n\t\t\t\t<div class=\"elementor-element elementor-element-6616bf9 elementor-invisible elementor-widget elementor-widget-heading\" data-id=\"6616bf9\" data-element_type=\"widget\" data-e-type=\"widget\" data-settings=\"{&quot;_animation&quot;:&quot;fadeInDown&quot;,&quot;_animation_delay&quot;:600}\" data-widget_type=\"heading.default\">\n\t\t\t\t\t<h2 class=\"elementor-heading-title elementor-size-default\">\u00bfAlguna consulta?<br>Contacta con nosotros<\/h2>\t\t\t\t<\/div>\n\t\t\t\t<div class=\"elementor-element elementor-element-345419e elementor-align-center elementor-invisible elementor-widget elementor-widget-button\" data-id=\"345419e\" data-element_type=\"widget\" data-e-type=\"widget\" data-settings=\"{&quot;_animation&quot;:&quot;fadeIn&quot;,&quot;_animation_delay&quot;:500}\" data-widget_type=\"button.default\">\n\t\t\t\t\t\t\t\t\t\t<a class=\"elementor-button elementor-button-link elementor-size-sm\" href=\"https:\/\/iuristecnicproperty.com\/es\/contacto\/\">\n\t\t\t\t\t\t<span class=\"elementor-button-content-wrapper\">\n\t\t\t\t\t\t\t\t\t<span class=\"elementor-button-text\">Contacto<\/span>\n\t\t\t\t\t<\/span>\n\t\t\t\t\t<\/a>\n\t\t\t\t\t\t\t\t<\/div>\n\t\t\t\t\t<\/div>\n\t\t\t\t<\/div>\n\t\t\t\t<\/div>\n\t\t","protected":false},"excerpt":{"rendered":"<p>Sobre nosotros Expertos en gesti\u00f3n jur\u00eddica y t\u00e9cnica de viviendas En Iuris T\u00e8cnic nos apasiona el mundo del derecho y la gesti\u00f3n t\u00e9cnica, y trabajamos con un prop\u00f3sito claro: hacerte la vida m\u00e1s f\u00e1cil. Somos una empresa especializada en asesoramiento jur\u00eddico, gesti\u00f3n documental y servicios t\u00e9cnicos para particulares, empresas y profesionales, con una forma de [&hellip;]<\/p>\n","protected":false},"author":1,"featured_media":82,"parent":0,"menu_order":0,"comment_status":"closed","ping_status":"closed","template":"","meta":{"footnotes":""},"class_list":["post-505","page","type-page","status-publish","has-post-thumbnail","hentry"],"yoast_head":"<!-- This site is optimized with the Yoast SEO plugin v26.9 - https:\/\/yoast.com\/product\/yoast-seo-wordpress\/ -->\n<title>Gesti\u00f3n y consultor\u00eda inmobiliaria en Girona - Iuristecnic Property<\/title>\n<meta name=\"description\" content=\"En Iuris Tecnic Property descubrimos la gesti\u00f3n y consultor\u00eda inmobiliaria en Girona con proximidad, rigor y confianza para ti.\" \/>\n<meta name=\"robots\" content=\"index, follow, max-snippet:-1, max-image-preview:large, max-video-preview:-1\" \/>\n<link rel=\"canonical\" href=\"https:\/\/iuristecnicproperty.com\/es\/sobre-nosotros\/\" \/>\n<meta property=\"og:locale\" content=\"es_ES\" \/>\n<meta property=\"og:type\" content=\"article\" \/>\n<meta property=\"og:title\" content=\"Gesti\u00f3n y consultor\u00eda inmobiliaria en Girona - Iuristecnic Property\" \/>\n<meta property=\"og:description\" content=\"En Iuris Tecnic Property descubrimos la gesti\u00f3n y consultor\u00eda inmobiliaria en Girona con proximidad, rigor y confianza para ti.\" \/>\n<meta property=\"og:url\" content=\"https:\/\/iuristecnicproperty.com\/es\/sobre-nosotros\/\" \/>\n<meta property=\"og:site_name\" content=\"Iuristecnic Property\" \/>\n<meta property=\"article:modified_time\" content=\"2025-08-28T08:59:52+00:00\" \/>\n<meta property=\"og:image\" content=\"https:\/\/iuristecnicproperty.com\/wp-content\/uploads\/2025\/08\/casetes-scaled.webp\" \/>\n\t<meta property=\"og:image:width\" content=\"2560\" \/>\n\t<meta property=\"og:image:height\" content=\"1707\" \/>\n\t<meta property=\"og:image:type\" content=\"image\/webp\" \/>\n<meta name=\"twitter:card\" content=\"summary_large_image\" \/>\n<meta name=\"twitter:label1\" content=\"Tiempo de lectura\" \/>\n\t<meta name=\"twitter:data1\" content=\"1 minuto\" \/>\n<script type=\"application\/ld+json\" class=\"yoast-schema-graph\">{\"@context\":\"https:\/\/schema.org\",\"@graph\":[{\"@type\":\"WebPage\",\"@id\":\"https:\/\/iuristecnicproperty.com\/es\/sobre-nosotros\/\",\"url\":\"https:\/\/iuristecnicproperty.com\/es\/sobre-nosotros\/\",\"name\":\"Gesti\u00f3n y consultor\u00eda inmobiliaria en Girona - Iuristecnic Property\",\"isPartOf\":{\"@id\":\"https:\/\/iuristecnicproperty.com\/es\/#website\"},\"primaryImageOfPage\":{\"@id\":\"https:\/\/iuristecnicproperty.com\/es\/sobre-nosotros\/#primaryimage\"},\"image\":{\"@id\":\"https:\/\/iuristecnicproperty.com\/es\/sobre-nosotros\/#primaryimage\"},\"thumbnailUrl\":\"https:\/\/iuristecnicproperty.com\/wp-content\/uploads\/2025\/08\/casetes-scaled.webp\",\"datePublished\":\"2025-08-18T10:57:52+00:00\",\"dateModified\":\"2025-08-28T08:59:52+00:00\",\"description\":\"En Iuris Tecnic Property descubrimos la gesti\u00f3n y consultor\u00eda inmobiliaria en Girona con proximidad, rigor y confianza para ti.\",\"breadcrumb\":{\"@id\":\"https:\/\/iuristecnicproperty.com\/es\/sobre-nosotros\/#breadcrumb\"},\"inLanguage\":\"es\",\"potentialAction\":[{\"@type\":\"ReadAction\",\"target\":[\"https:\/\/iuristecnicproperty.com\/es\/sobre-nosotros\/\"]}]},{\"@type\":\"ImageObject\",\"inLanguage\":\"es\",\"@id\":\"https:\/\/iuristecnicproperty.com\/es\/sobre-nosotros\/#primaryimage\",\"url\":\"https:\/\/iuristecnicproperty.com\/wp-content\/uploads\/2025\/08\/casetes-scaled.webp\",\"contentUrl\":\"https:\/\/iuristecnicproperty.com\/wp-content\/uploads\/2025\/08\/casetes-scaled.webp\",\"width\":2560,\"height\":1707,\"caption\":\"Cases de fusta en miniatura\"},{\"@type\":\"BreadcrumbList\",\"@id\":\"https:\/\/iuristecnicproperty.com\/es\/sobre-nosotros\/#breadcrumb\",\"itemListElement\":[{\"@type\":\"ListItem\",\"position\":1,\"name\":\"Inici\",\"item\":\"https:\/\/iuristecnicproperty.com\/es\/inicio\/\"},{\"@type\":\"ListItem\",\"position\":2,\"name\":\"Sobre nosotros\"}]},{\"@type\":\"WebSite\",\"@id\":\"https:\/\/iuristecnicproperty.com\/es\/#website\",\"url\":\"https:\/\/iuristecnicproperty.com\/es\/\",\"name\":\"Iuristecnic Property\",\"description\":\"Gesti\u00f3 de bens immobles\",\"publisher\":{\"@id\":\"https:\/\/iuristecnicproperty.com\/es\/#organization\"},\"potentialAction\":[{\"@type\":\"SearchAction\",\"target\":{\"@type\":\"EntryPoint\",\"urlTemplate\":\"https:\/\/iuristecnicproperty.com\/es\/?s={search_term_string}\"},\"query-input\":{\"@type\":\"PropertyValueSpecification\",\"valueRequired\":true,\"valueName\":\"search_term_string\"}}],\"inLanguage\":\"es\"},{\"@type\":\"Organization\",\"@id\":\"https:\/\/iuristecnicproperty.com\/es\/#organization\",\"name\":\"Iuristecnic Property\",\"url\":\"https:\/\/iuristecnicproperty.com\/es\/\",\"logo\":{\"@type\":\"ImageObject\",\"inLanguage\":\"es\",\"@id\":\"https:\/\/iuristecnicproperty.com\/es\/#\/schema\/logo\/image\/\",\"url\":\"https:\/\/iuristecnicproperty.com\/wp-content\/uploads\/2025\/08\/Recurso-1.webp\",\"contentUrl\":\"https:\/\/iuristecnicproperty.com\/wp-content\/uploads\/2025\/08\/Recurso-1.webp\",\"width\":172,\"height\":62,\"caption\":\"Iuristecnic Property\"},\"image\":{\"@id\":\"https:\/\/iuristecnicproperty.com\/es\/#\/schema\/logo\/image\/\"}}]}<\/script>\n<!-- \/ Yoast SEO plugin. -->","yoast_head_json":{"title":"Gesti\u00f3n y consultor\u00eda inmobiliaria en Girona - Iuristecnic Property","description":"En Iuris Tecnic Property descubrimos la gesti\u00f3n y consultor\u00eda inmobiliaria en Girona con proximidad, rigor y confianza para ti.","robots":{"index":"index","follow":"follow","max-snippet":"max-snippet:-1","max-image-preview":"max-image-preview:large","max-video-preview":"max-video-preview:-1"},"canonical":"https:\/\/iuristecnicproperty.com\/es\/sobre-nosotros\/","og_locale":"es_ES","og_type":"article","og_title":"Gesti\u00f3n y consultor\u00eda inmobiliaria en Girona - Iuristecnic Property","og_description":"En Iuris Tecnic Property descubrimos la gesti\u00f3n y consultor\u00eda inmobiliaria en Girona con proximidad, rigor y confianza para ti.","og_url":"https:\/\/iuristecnicproperty.com\/es\/sobre-nosotros\/","og_site_name":"Iuristecnic Property","article_modified_time":"2025-08-28T08:59:52+00:00","og_image":[{"width":2560,"height":1707,"url":"https:\/\/iuristecnicproperty.com\/wp-content\/uploads\/2025\/08\/casetes-scaled.webp","type":"image\/webp"}],"twitter_card":"summary_large_image","twitter_misc":{"Tiempo de lectura":"1 minuto"},"schema":{"@context":"https:\/\/schema.org","@graph":[{"@type":"WebPage","@id":"https:\/\/iuristecnicproperty.com\/es\/sobre-nosotros\/","url":"https:\/\/iuristecnicproperty.com\/es\/sobre-nosotros\/","name":"Gesti\u00f3n y consultor\u00eda inmobiliaria en Girona - Iuristecnic Property","isPartOf":{"@id":"https:\/\/iuristecnicproperty.com\/es\/#website"},"primaryImageOfPage":{"@id":"https:\/\/iuristecnicproperty.com\/es\/sobre-nosotros\/#primaryimage"},"image":{"@id":"https:\/\/iuristecnicproperty.com\/es\/sobre-nosotros\/#primaryimage"},"thumbnailUrl":"https:\/\/iuristecnicproperty.com\/wp-content\/uploads\/2025\/08\/casetes-scaled.webp","datePublished":"2025-08-18T10:57:52+00:00","dateModified":"2025-08-28T08:59:52+00:00","description":"En Iuris Tecnic Property descubrimos la gesti\u00f3n y consultor\u00eda inmobiliaria en Girona con proximidad, rigor y confianza para ti.","breadcrumb":{"@id":"https:\/\/iuristecnicproperty.com\/es\/sobre-nosotros\/#breadcrumb"},"inLanguage":"es","potentialAction":[{"@type":"ReadAction","target":["https:\/\/iuristecnicproperty.com\/es\/sobre-nosotros\/"]}]},{"@type":"ImageObject","inLanguage":"es","@id":"https:\/\/iuristecnicproperty.com\/es\/sobre-nosotros\/#primaryimage","url":"https:\/\/iuristecnicproperty.com\/wp-content\/uploads\/2025\/08\/casetes-scaled.webp","contentUrl":"https:\/\/iuristecnicproperty.com\/wp-content\/uploads\/2025\/08\/casetes-scaled.webp","width":2560,"height":1707,"caption":"Cases de fusta en miniatura"},{"@type":"BreadcrumbList","@id":"https:\/\/iuristecnicproperty.com\/es\/sobre-nosotros\/#breadcrumb","itemListElement":[{"@type":"ListItem","position":1,"name":"Inici","item":"https:\/\/iuristecnicproperty.com\/es\/inicio\/"},{"@type":"ListItem","position":2,"name":"Sobre nosotros"}]},{"@type":"WebSite","@id":"https:\/\/iuristecnicproperty.com\/es\/#website","url":"https:\/\/iuristecnicproperty.com\/es\/","name":"Iuristecnic Property","description":"Gesti\u00f3 de bens immobles","publisher":{"@id":"https:\/\/iuristecnicproperty.com\/es\/#organization"},"potentialAction":[{"@type":"SearchAction","target":{"@type":"EntryPoint","urlTemplate":"https:\/\/iuristecnicproperty.com\/es\/?s={search_term_string}"},"query-input":{"@type":"PropertyValueSpecification","valueRequired":true,"valueName":"search_term_string"}}],"inLanguage":"es"},{"@type":"Organization","@id":"https:\/\/iuristecnicproperty.com\/es\/#organization","name":"Iuristecnic Property","url":"https:\/\/iuristecnicproperty.com\/es\/","logo":{"@type":"ImageObject","inLanguage":"es","@id":"https:\/\/iuristecnicproperty.com\/es\/#\/schema\/logo\/image\/","url":"https:\/\/iuristecnicproperty.com\/wp-content\/uploads\/2025\/08\/Recurso-1.webp","contentUrl":"https:\/\/iuristecnicproperty.com\/wp-content\/uploads\/2025\/08\/Recurso-1.webp","width":172,"height":62,"caption":"Iuristecnic Property"},"image":{"@id":"https:\/\/iuristecnicproperty.com\/es\/#\/schema\/logo\/image\/"}}]}},"_links":{"self":[{"href":"https:\/\/iuristecnicproperty.com\/es\/wp-json\/wp\/v2\/pages\/505","targetHints":{"allow":["GET"]}}],"collection":[{"href":"https:\/\/iuristecnicproperty.com\/es\/wp-json\/wp\/v2\/pages"}],"about":[{"href":"https:\/\/iuristecnicproperty.com\/es\/wp-json\/wp\/v2\/types\/page"}],"author":[{"embeddable":true,"href":"https:\/\/iuristecnicproperty.com\/es\/wp-json\/wp\/v2\/users\/1"}],"replies":[{"embeddable":true,"href":"https:\/\/iuristecnicproperty.com\/es\/wp-json\/wp\/v2\/comments?post=505"}],"version-history":[{"count":3,"href":"https:\/\/iuristecnicproperty.com\/es\/wp-json\/wp\/v2\/pages\/505\/revisions"}],"predecessor-version":[{"id":581,"href":"https:\/\/iuristecnicproperty.com\/es\/wp-json\/wp\/v2\/pages\/505\/revisions\/581"}],"wp:featuredmedia":[{"embeddable":true,"href":"https:\/\/iuristecnicproperty.com\/es\/wp-json\/wp\/v2\/media\/82"}],"wp:attachment":[{"href":"https:\/\/iuristecnicproperty.com\/es\/wp-json\/wp\/v2\/media?parent=505"}],"curies":[{"name":"wp","href":"https:\/\/api.w.org\/{rel}","templated":true}]}}