{"id":552,"date":"2025-08-18T15:19:06","date_gmt":"2025-08-18T13:19:06","guid":{"rendered":"https:\/\/iuristecnicproperty.com\/producte\/servicio-de-consultoria\/"},"modified":"2025-08-18T15:19:06","modified_gmt":"2025-08-18T13:19:06","slug":"servicio-de-consultoria","status":"publish","type":"product","link":"https:\/\/iuristecnicproperty.com\/es\/producte\/servicio-de-consultoria\/","title":{"rendered":"Servicio de consultor\u00eda"},"content":{"rendered":"<p>Servicio de consultor\u00eda especializado, pensado para ayudarte a gestionar y proteger tu patrimonio inmobiliario con criterio profesional y visi\u00f3n a largo plazo. Tanto si eres un propietario individual como si representas a una entidad con activos inmobiliarios, te acompa\u00f1amos con asesoramiento jur\u00eddico y t\u00e9cnico de confianza. <\/p>\n<p>Analizamos cada situaci\u00f3n con datos de mercado actualizados, identificamos oportunidades de mejora o rentabilizaci\u00f3n y te ayudamos a planificar tus decisiones con seguridad jur\u00eddica y estrategia econ\u00f3mica.<\/p>\n","protected":false},"excerpt":{"rendered":"<p>Servicio de consultor\u00eda especializado, pensado para ayudarte a gestionar y proteger tu patrimonio inmobiliario con criterio profesional y visi\u00f3n a largo plazo. Tanto si eres un propietario individual como si representas a una entidad con activos inmobiliarios, te acompa\u00f1amos con asesoramiento jur\u00eddico y t\u00e9cnico de confianza. Analizamos cada situaci\u00f3n con datos de mercado actualizados, identificamos [&hellip;]<\/p>\n","protected":false},"featured_media":247,"comment_status":"open","ping_status":"closed","template":"","meta":[],"product_brand":[],"product_cat":[37],"product_tag":[],"class_list":{"0":"post-552","1":"product","2":"type-product","3":"status-publish","4":"has-post-thumbnail","6":"product_cat-consultoria-es","8":"first","9":"instock","10":"shipping-taxable","11":"purchasable","12":"product-type-simple"},"yoast_head":"<!-- This site is optimized with the Yoast SEO plugin v26.9 - https:\/\/yoast.com\/product\/yoast-seo-wordpress\/ -->\n<title>Servicio de consultor\u00eda - Iuristecnic Property<\/title>\n<meta name=\"robots\" content=\"index, follow, max-snippet:-1, max-image-preview:large, max-video-preview:-1\" \/>\n<link rel=\"canonical\" href=\"https:\/\/iuristecnicproperty.com\/es\/producte\/servicio-de-consultoria\/\" \/>\n<meta property=\"og:locale\" content=\"es_ES\" \/>\n<meta property=\"og:type\" content=\"article\" \/>\n<meta property=\"og:title\" content=\"Servicio de consultor\u00eda - Iuristecnic Property\" \/>\n<meta property=\"og:description\" content=\"Servicio de consultor\u00eda especializado, pensado para ayudarte a gestionar y proteger tu patrimonio inmobiliario con criterio profesional y visi\u00f3n a largo plazo. Tanto si eres un propietario individual como si representas a una entidad con activos inmobiliarios, te acompa\u00f1amos con asesoramiento jur\u00eddico y t\u00e9cnico de confianza. Analizamos cada situaci\u00f3n con datos de mercado actualizados, identificamos [&hellip;]\" \/>\n<meta property=\"og:url\" content=\"https:\/\/iuristecnicproperty.com\/es\/producte\/servicio-de-consultoria\/\" \/>\n<meta property=\"og:site_name\" content=\"Iuristecnic Property\" \/>\n<meta property=\"og:image\" content=\"https:\/\/iuristecnicproperty.com\/wp-content\/uploads\/2025\/08\/seccion-media-de-agente-de-bienes-raices-y-cliente-en-la-mesa.webp\" \/>\n\t<meta property=\"og:image:width\" content=\"2000\" \/>\n\t<meta property=\"og:image:height\" content=\"1125\" \/>\n\t<meta property=\"og:image:type\" content=\"image\/webp\" \/>\n<meta name=\"twitter:card\" content=\"summary_large_image\" \/>\n<script type=\"application\/ld+json\" class=\"yoast-schema-graph\">{\"@context\":\"https:\/\/schema.org\",\"@graph\":[{\"@type\":\"WebPage\",\"@id\":\"https:\/\/iuristecnicproperty.com\/es\/producte\/servicio-de-consultoria\/\",\"url\":\"https:\/\/iuristecnicproperty.com\/es\/producte\/servicio-de-consultoria\/\",\"name\":\"Servicio de consultor\u00eda - Iuristecnic Property\",\"isPartOf\":{\"@id\":\"https:\/\/iuristecnicproperty.com\/es\/#website\"},\"primaryImageOfPage\":{\"@id\":\"https:\/\/iuristecnicproperty.com\/es\/producte\/servicio-de-consultoria\/#primaryimage\"},\"image\":{\"@id\":\"https:\/\/iuristecnicproperty.com\/es\/producte\/servicio-de-consultoria\/#primaryimage\"},\"thumbnailUrl\":\"https:\/\/iuristecnicproperty.com\/wp-content\/uploads\/2025\/08\/seccion-media-de-agente-de-bienes-raices-y-cliente-en-la-mesa.webp\",\"datePublished\":\"2025-08-18T13:19:06+00:00\",\"breadcrumb\":{\"@id\":\"https:\/\/iuristecnicproperty.com\/es\/producte\/servicio-de-consultoria\/#breadcrumb\"},\"inLanguage\":\"es\",\"potentialAction\":[{\"@type\":\"ReadAction\",\"target\":[\"https:\/\/iuristecnicproperty.com\/es\/producte\/servicio-de-consultoria\/\"]}]},{\"@type\":\"ImageObject\",\"inLanguage\":\"es\",\"@id\":\"https:\/\/iuristecnicproperty.com\/es\/producte\/servicio-de-consultoria\/#primaryimage\",\"url\":\"https:\/\/iuristecnicproperty.com\/wp-content\/uploads\/2025\/08\/seccion-media-de-agente-de-bienes-raices-y-cliente-en-la-mesa.webp\",\"contentUrl\":\"https:\/\/iuristecnicproperty.com\/wp-content\/uploads\/2025\/08\/seccion-media-de-agente-de-bienes-raices-y-cliente-en-la-mesa.webp\",\"width\":2000,\"height\":1125},{\"@type\":\"BreadcrumbList\",\"@id\":\"https:\/\/iuristecnicproperty.com\/es\/producte\/servicio-de-consultoria\/#breadcrumb\",\"itemListElement\":[{\"@type\":\"ListItem\",\"position\":1,\"name\":\"Inici\",\"item\":\"https:\/\/iuristecnicproperty.com\/es\/inicio\/\"},{\"@type\":\"ListItem\",\"position\":2,\"name\":\"Tienda\",\"item\":\"https:\/\/iuristecnicproperty.com\/es\/tienda\/\"},{\"@type\":\"ListItem\",\"position\":3,\"name\":\"Servicio de consultor\u00eda\"}]},{\"@type\":\"WebSite\",\"@id\":\"https:\/\/iuristecnicproperty.com\/es\/#website\",\"url\":\"https:\/\/iuristecnicproperty.com\/es\/\",\"name\":\"Iuristecnic Property\",\"description\":\"Gesti\u00f3 de bens immobles\",\"publisher\":{\"@id\":\"https:\/\/iuristecnicproperty.com\/es\/#organization\"},\"potentialAction\":[{\"@type\":\"SearchAction\",\"target\":{\"@type\":\"EntryPoint\",\"urlTemplate\":\"https:\/\/iuristecnicproperty.com\/es\/?s={search_term_string}\"},\"query-input\":{\"@type\":\"PropertyValueSpecification\",\"valueRequired\":true,\"valueName\":\"search_term_string\"}}],\"inLanguage\":\"es\"},{\"@type\":\"Organization\",\"@id\":\"https:\/\/iuristecnicproperty.com\/es\/#organization\",\"name\":\"Iuristecnic Property\",\"url\":\"https:\/\/iuristecnicproperty.com\/es\/\",\"logo\":{\"@type\":\"ImageObject\",\"inLanguage\":\"es\",\"@id\":\"https:\/\/iuristecnicproperty.com\/es\/#\/schema\/logo\/image\/\",\"url\":\"https:\/\/iuristecnicproperty.com\/wp-content\/uploads\/2025\/08\/Recurso-1.webp\",\"contentUrl\":\"https:\/\/iuristecnicproperty.com\/wp-content\/uploads\/2025\/08\/Recurso-1.webp\",\"width\":172,\"height\":62,\"caption\":\"Iuristecnic Property\"},\"image\":{\"@id\":\"https:\/\/iuristecnicproperty.com\/es\/#\/schema\/logo\/image\/\"}}]}<\/script>\n<!-- \/ Yoast SEO plugin. -->","yoast_head_json":{"title":"Servicio de consultor\u00eda - Iuristecnic Property","robots":{"index":"index","follow":"follow","max-snippet":"max-snippet:-1","max-image-preview":"max-image-preview:large","max-video-preview":"max-video-preview:-1"},"canonical":"https:\/\/iuristecnicproperty.com\/es\/producte\/servicio-de-consultoria\/","og_locale":"es_ES","og_type":"article","og_title":"Servicio de consultor\u00eda - Iuristecnic Property","og_description":"Servicio de consultor\u00eda especializado, pensado para ayudarte a gestionar y proteger tu patrimonio inmobiliario con criterio profesional y visi\u00f3n a largo plazo. Tanto si eres un propietario individual como si representas a una entidad con activos inmobiliarios, te acompa\u00f1amos con asesoramiento jur\u00eddico y t\u00e9cnico de confianza. Analizamos cada situaci\u00f3n con datos de mercado actualizados, identificamos [&hellip;]","og_url":"https:\/\/iuristecnicproperty.com\/es\/producte\/servicio-de-consultoria\/","og_site_name":"Iuristecnic Property","og_image":[{"width":2000,"height":1125,"url":"https:\/\/iuristecnicproperty.com\/wp-content\/uploads\/2025\/08\/seccion-media-de-agente-de-bienes-raices-y-cliente-en-la-mesa.webp","type":"image\/webp"}],"twitter_card":"summary_large_image","schema":{"@context":"https:\/\/schema.org","@graph":[{"@type":"WebPage","@id":"https:\/\/iuristecnicproperty.com\/es\/producte\/servicio-de-consultoria\/","url":"https:\/\/iuristecnicproperty.com\/es\/producte\/servicio-de-consultoria\/","name":"Servicio de consultor\u00eda - Iuristecnic Property","isPartOf":{"@id":"https:\/\/iuristecnicproperty.com\/es\/#website"},"primaryImageOfPage":{"@id":"https:\/\/iuristecnicproperty.com\/es\/producte\/servicio-de-consultoria\/#primaryimage"},"image":{"@id":"https:\/\/iuristecnicproperty.com\/es\/producte\/servicio-de-consultoria\/#primaryimage"},"thumbnailUrl":"https:\/\/iuristecnicproperty.com\/wp-content\/uploads\/2025\/08\/seccion-media-de-agente-de-bienes-raices-y-cliente-en-la-mesa.webp","datePublished":"2025-08-18T13:19:06+00:00","breadcrumb":{"@id":"https:\/\/iuristecnicproperty.com\/es\/producte\/servicio-de-consultoria\/#breadcrumb"},"inLanguage":"es","potentialAction":[{"@type":"ReadAction","target":["https:\/\/iuristecnicproperty.com\/es\/producte\/servicio-de-consultoria\/"]}]},{"@type":"ImageObject","inLanguage":"es","@id":"https:\/\/iuristecnicproperty.com\/es\/producte\/servicio-de-consultoria\/#primaryimage","url":"https:\/\/iuristecnicproperty.com\/wp-content\/uploads\/2025\/08\/seccion-media-de-agente-de-bienes-raices-y-cliente-en-la-mesa.webp","contentUrl":"https:\/\/iuristecnicproperty.com\/wp-content\/uploads\/2025\/08\/seccion-media-de-agente-de-bienes-raices-y-cliente-en-la-mesa.webp","width":2000,"height":1125},{"@type":"BreadcrumbList","@id":"https:\/\/iuristecnicproperty.com\/es\/producte\/servicio-de-consultoria\/#breadcrumb","itemListElement":[{"@type":"ListItem","position":1,"name":"Inici","item":"https:\/\/iuristecnicproperty.com\/es\/inicio\/"},{"@type":"ListItem","position":2,"name":"Tienda","item":"https:\/\/iuristecnicproperty.com\/es\/tienda\/"},{"@type":"ListItem","position":3,"name":"Servicio de consultor\u00eda"}]},{"@type":"WebSite","@id":"https:\/\/iuristecnicproperty.com\/es\/#website","url":"https:\/\/iuristecnicproperty.com\/es\/","name":"Iuristecnic Property","description":"Gesti\u00f3 de bens immobles","publisher":{"@id":"https:\/\/iuristecnicproperty.com\/es\/#organization"},"potentialAction":[{"@type":"SearchAction","target":{"@type":"EntryPoint","urlTemplate":"https:\/\/iuristecnicproperty.com\/es\/?s={search_term_string}"},"query-input":{"@type":"PropertyValueSpecification","valueRequired":true,"valueName":"search_term_string"}}],"inLanguage":"es"},{"@type":"Organization","@id":"https:\/\/iuristecnicproperty.com\/es\/#organization","name":"Iuristecnic Property","url":"https:\/\/iuristecnicproperty.com\/es\/","logo":{"@type":"ImageObject","inLanguage":"es","@id":"https:\/\/iuristecnicproperty.com\/es\/#\/schema\/logo\/image\/","url":"https:\/\/iuristecnicproperty.com\/wp-content\/uploads\/2025\/08\/Recurso-1.webp","contentUrl":"https:\/\/iuristecnicproperty.com\/wp-content\/uploads\/2025\/08\/Recurso-1.webp","width":172,"height":62,"caption":"Iuristecnic Property"},"image":{"@id":"https:\/\/iuristecnicproperty.com\/es\/#\/schema\/logo\/image\/"}}]}},"_links":{"self":[{"href":"https:\/\/iuristecnicproperty.com\/es\/wp-json\/wp\/v2\/product\/552","targetHints":{"allow":["GET"]}}],"collection":[{"href":"https:\/\/iuristecnicproperty.com\/es\/wp-json\/wp\/v2\/product"}],"about":[{"href":"https:\/\/iuristecnicproperty.com\/es\/wp-json\/wp\/v2\/types\/product"}],"replies":[{"embeddable":true,"href":"https:\/\/iuristecnicproperty.com\/es\/wp-json\/wp\/v2\/comments?post=552"}],"wp:featuredmedia":[{"embeddable":true,"href":"https:\/\/iuristecnicproperty.com\/es\/wp-json\/wp\/v2\/media\/247"}],"wp:attachment":[{"href":"https:\/\/iuristecnicproperty.com\/es\/wp-json\/wp\/v2\/media?parent=552"}],"wp:term":[{"taxonomy":"product_brand","embeddable":true,"href":"https:\/\/iuristecnicproperty.com\/es\/wp-json\/wp\/v2\/product_brand?post=552"},{"taxonomy":"product_cat","embeddable":true,"href":"https:\/\/iuristecnicproperty.com\/es\/wp-json\/wp\/v2\/product_cat?post=552"},{"taxonomy":"product_tag","embeddable":true,"href":"https:\/\/iuristecnicproperty.com\/es\/wp-json\/wp\/v2\/product_tag?post=552"}],"curies":[{"name":"wp","href":"https:\/\/api.w.org\/{rel}","templated":true}]}}